{"id":1373,"date":"2025-05-11T13:58:30","date_gmt":"2025-05-11T11:58:30","guid":{"rendered":"https:\/\/uhlala-events.com\/privacy-policy\/"},"modified":"2025-07-23T17:09:02","modified_gmt":"2025-07-23T15:09:02","slug":"privacy-policy","status":"publish","type":"page","link":"https:\/\/uhlala-events.com\/pt-pt\/privacy-policy\/","title":{"rendered":"Pol\u00edtica de Privacidade"},"content":{"rendered":"<p data-start=\"5044\" data-end=\"5229\"><strong data-start=\"5044\" data-end=\"5084\">Quem somos e como entrar em contato:<\/strong><br data-start=\"5084\" data-end=\"5087\" \/>A UhLaLa Weddings &amp; Events (Annick Labont\u00e9 e Cecilia Lami) \u00e9 respons\u00e1vel por este site. Nosso e-mail de contato \u00e9: <strong data-start=\"5202\" data-end=\"5229\"><a class=\"cursor-pointer\" rel=\"noopener\" data-start=\"5204\" data-end=\"5227\">hello@uhlala-events.com<\/a><\/strong><\/p>\n<p data-start=\"5231\" data-end=\"5309\"><strong data-start=\"5231\" data-end=\"5257\">Quais dados coletamos:<\/strong><br data-start=\"5257\" data-end=\"5260\" \/>Coletamos os seguintes tipos de dados pessoais:<\/p>\n<ul data-start=\"5310\" data-end=\"5590\">\n<li data-start=\"5310\" data-end=\"5419\">\n<p data-start=\"5312\" data-end=\"5419\"><strong data-start=\"5312\" data-end=\"5339\">Cookies e dados de uso:<\/strong> informa\u00e7\u00f5es sobre como voc\u00ea utiliza nosso site, para que possamos melhor\u00e1-lo.<\/p>\n<\/li>\n<li data-start=\"5420\" data-end=\"5590\">\n<p data-start=\"5422\" data-end=\"5590\"><strong data-start=\"5422\" data-end=\"5449\">Informa\u00e7\u00f5es de contato:<\/strong> caso voc\u00ea entre em contato conosco atrav\u00e9s de formul\u00e1rios, coletamos seu nome, e-mail e n\u00famero de telefone para responder \u00e0 sua solicita\u00e7\u00e3o.<\/p>\n<\/li>\n<\/ul>\n<p data-start=\"5592\" data-end=\"5651\"><strong data-start=\"5592\" data-end=\"5619\">Como usamos seus dados:<\/strong><br data-start=\"5619\" data-end=\"5622\" \/>Utilizamos seus dados para:<\/p>\n<ul data-start=\"5652\" data-end=\"5836\">\n<li data-start=\"5652\" data-end=\"5732\">\n<p data-start=\"5654\" data-end=\"5732\">Responder \u00e0s suas solicita\u00e7\u00f5es e fornecer informa\u00e7\u00f5es sobre nossos servi\u00e7os.<\/p>\n<\/li>\n<li data-start=\"5733\" data-end=\"5836\">\n<p data-start=\"5735\" data-end=\"5836\">Analisar o tr\u00e1fego do site e o comportamento dos usu\u00e1rios para melhorar nosso site e nossos servi\u00e7os.<\/p>\n<\/li>\n<\/ul>\n<p data-start=\"5838\" data-end=\"6060\"><strong data-start=\"5838\" data-end=\"5868\">Compartilhamento de dados:<\/strong><br data-start=\"5868\" data-end=\"5871\" \/>Podemos compartilhar seus dados com prestadores de servi\u00e7os terceiros confi\u00e1veis (como servi\u00e7os de hospedagem e an\u00e1lise) que nos auxiliam na opera\u00e7\u00e3o do site e na oferta de nossos servi\u00e7os.<\/p>\n<p data-start=\"6062\" data-end=\"6107\"><strong data-start=\"6062\" data-end=\"6080\">Seus direitos:<\/strong><br data-start=\"6080\" data-end=\"6083\" \/>Voc\u00ea tem o direito de:<\/p>\n<ul data-start=\"6108\" data-end=\"6457\">\n<li data-start=\"6108\" data-end=\"6139\">\n<p data-start=\"6110\" data-end=\"6139\">Acessar seus dados pessoais<\/p>\n<\/li>\n<li data-start=\"6140\" data-end=\"6175\">\n<p data-start=\"6142\" data-end=\"6175\">Corrigir informa\u00e7\u00f5es incorretas<\/p>\n<\/li>\n<li data-start=\"6176\" data-end=\"6214\">\n<p data-start=\"6178\" data-end=\"6214\">Solicitar a exclus\u00e3o de seus dados<\/p>\n<\/li>\n<li data-start=\"6215\" data-end=\"6268\">\n<p data-start=\"6217\" data-end=\"6268\">Opor-se ao processamento em certas circunst\u00e2ncias<\/p>\n<\/li>\n<li data-start=\"6269\" data-end=\"6316\">\n<p data-start=\"6271\" data-end=\"6316\">Retirar seu consentimento, quando aplic\u00e1vel<\/p>\n<\/li>\n<li data-start=\"6317\" data-end=\"6457\">\n<p data-start=\"6319\" data-end=\"6457\">Registrar uma reclama\u00e7\u00e3o junto \u00e0 autoridade de prote\u00e7\u00e3o de dados<br data-start=\"6383\" data-end=\"6386\" \/>Para exercer seus direitos, entre em contato conosco pelo e-mail acima.<\/p>\n<\/li>\n<\/ul>\n<p data-start=\"6459\" data-end=\"6631\"><strong data-start=\"6459\" data-end=\"6482\">Reten\u00e7\u00e3o dos dados:<\/strong><br data-start=\"6482\" data-end=\"6485\" \/>Manteremos seus dados pessoais apenas pelo tempo necess\u00e1rio para cumprir as finalidades para as quais foram coletados ou conforme exigido por lei.<\/p>\n<p data-start=\"6633\" data-end=\"6733\"><strong data-start=\"6633\" data-end=\"6645\">Cookies:<\/strong><br data-start=\"6645\" data-end=\"6648\" \/>Nosso site utiliza cookies. Consulte nossa Pol\u00edtica de Cookies para mais informa\u00e7\u00f5es.<\/p>\n<p data-start=\"6735\" data-end=\"6921\"><strong data-start=\"6735\" data-end=\"6767\">Atualiza\u00e7\u00f5es desta pol\u00edtica:<\/strong><br data-start=\"6767\" data-end=\"6770\" \/>Podemos atualizar esta pol\u00edtica de privacidade periodicamente. Informaremos sobre mudan\u00e7as significativas publicando a vers\u00e3o atualizada em nosso site.<\/p>\n<p data-start=\"6923\" data-end=\"7171\"><strong data-start=\"6923\" data-end=\"6966\">Base legal para o tratamento dos dados:<\/strong><br data-start=\"6966\" data-end=\"6969\" \/>Tratamos seus dados com base no seu consentimento (quando voc\u00ea entra em contato conosco), em nossos interesses leg\u00edtimos na opera\u00e7\u00e3o e melhoria dos nossos servi\u00e7os e para cumprir obriga\u00e7\u00f5es contratuais.<\/p>\n<p data-start=\"7173\" data-end=\"7360\"><strong data-start=\"7173\" data-end=\"7214\">Transfer\u00eancia internacional de dados:<\/strong><br data-start=\"7214\" data-end=\"7217\" \/>Seus dados podem ser transferidos e processados em pa\u00edses fora do seu. Adotaremos as medidas adequadas para garantir a prote\u00e7\u00e3o dos seus dados.<\/p>\n","protected":false},"excerpt":{"rendered":"<p>Quem somos e como entrar em contato:A UhLaLa Weddings &amp; Events (Annick Labont\u00e9 e Cecilia Lami) \u00e9 respons\u00e1vel por este site. Nosso e-mail de contato \u00e9: hello@uhlala-events.com Quais dados coletamos:Coletamos os seguintes tipos de dados pessoais: Cookies e dados de uso: informa\u00e7\u00f5es sobre como voc\u00ea utiliza nosso site, para que possamos melhor\u00e1-lo. Informa\u00e7\u00f5es de contato: [&#8230;]<\/p>\n","protected":false},"author":1,"featured_media":0,"parent":0,"menu_order":0,"comment_status":"closed","ping_status":"closed","template":"","meta":{"_acf_changed":false,"inline_featured_image":false,"_joinchat":[],"footnotes":""},"class_list":["post-1373","page","type-page","status-publish","hentry"],"acf":[],"yoast_head":"<!-- This site is optimized with the Yoast SEO plugin v26.6 - https:\/\/yoast.com\/wordpress\/plugins\/seo\/ -->\n<title>Pol\u00edtica de Privacidade - Uhlala Events<\/title>\n<meta name=\"robots\" content=\"index, follow, max-snippet:-1, max-image-preview:large, max-video-preview:-1\" \/>\n<link rel=\"canonical\" href=\"https:\/\/uhlala-events.com\/pt-pt\/privacy-policy\/\" \/>\n<meta property=\"og:locale\" content=\"pt_PT\" \/>\n<meta property=\"og:type\" content=\"article\" \/>\n<meta property=\"og:title\" content=\"Pol\u00edtica de Privacidade - Uhlala Events\" \/>\n<meta property=\"og:description\" content=\"Quem somos e como entrar em contato:A UhLaLa Weddings &amp; Events (Annick Labont\u00e9 e Cecilia Lami) \u00e9 respons\u00e1vel por este site. Nosso e-mail de contato \u00e9: hello@uhlala-events.com Quais dados coletamos:Coletamos os seguintes tipos de dados pessoais: Cookies e dados de uso: informa\u00e7\u00f5es sobre como voc\u00ea utiliza nosso site, para que possamos melhor\u00e1-lo. Informa\u00e7\u00f5es de contato: [...]\" \/>\n<meta property=\"og:url\" content=\"https:\/\/uhlala-events.com\/pt-pt\/privacy-policy\/\" \/>\n<meta property=\"og:site_name\" content=\"Uhlala Events\" \/>\n<meta property=\"article:publisher\" content=\"https:\/\/www.instagram.com\/uhlalaweddingsitaly\/\" \/>\n<meta property=\"article:modified_time\" content=\"2025-07-23T15:09:02+00:00\" \/>\n<meta name=\"twitter:card\" content=\"summary_large_image\" \/>\n<meta name=\"twitter:label1\" content=\"Tempo estimado de leitura\" \/>\n\t<meta name=\"twitter:data1\" content=\"2 minutos\" \/>\n<script type=\"application\/ld+json\" class=\"yoast-schema-graph\">{\"@context\":\"https:\/\/schema.org\",\"@graph\":[{\"@type\":\"WebPage\",\"@id\":\"https:\/\/uhlala-events.com\/pt-pt\/privacy-policy\/\",\"url\":\"https:\/\/uhlala-events.com\/pt-pt\/privacy-policy\/\",\"name\":\"Pol\u00edtica de Privacidade - Uhlala Events\",\"isPartOf\":{\"@id\":\"https:\/\/uhlala-events.com\/pt-pt\/#website\"},\"datePublished\":\"2025-05-11T11:58:30+00:00\",\"dateModified\":\"2025-07-23T15:09:02+00:00\",\"breadcrumb\":{\"@id\":\"https:\/\/uhlala-events.com\/pt-pt\/privacy-policy\/#breadcrumb\"},\"inLanguage\":\"pt-PT\",\"potentialAction\":[{\"@type\":\"ReadAction\",\"target\":[\"https:\/\/uhlala-events.com\/pt-pt\/privacy-policy\/\"]}]},{\"@type\":\"BreadcrumbList\",\"@id\":\"https:\/\/uhlala-events.com\/pt-pt\/privacy-policy\/#breadcrumb\",\"itemListElement\":[{\"@type\":\"ListItem\",\"position\":1,\"name\":\"Home\",\"item\":\"https:\/\/uhlala-events.com\/pt-pt\/\"},{\"@type\":\"ListItem\",\"position\":2,\"name\":\"Pol\u00edtica de Privacidade\"}]},{\"@type\":\"WebSite\",\"@id\":\"https:\/\/uhlala-events.com\/pt-pt\/#website\",\"url\":\"https:\/\/uhlala-events.com\/pt-pt\/\",\"name\":\"Uhlala Events\",\"description\":\"Wedding Planner\",\"publisher\":{\"@id\":\"https:\/\/uhlala-events.com\/pt-pt\/#organization\"},\"potentialAction\":[{\"@type\":\"SearchAction\",\"target\":{\"@type\":\"EntryPoint\",\"urlTemplate\":\"https:\/\/uhlala-events.com\/pt-pt\/?s={search_term_string}\"},\"query-input\":{\"@type\":\"PropertyValueSpecification\",\"valueRequired\":true,\"valueName\":\"search_term_string\"}}],\"inLanguage\":\"pt-PT\"},{\"@type\":\"Organization\",\"@id\":\"https:\/\/uhlala-events.com\/pt-pt\/#organization\",\"name\":\"Uhlala Events\",\"url\":\"https:\/\/uhlala-events.com\/pt-pt\/\",\"logo\":{\"@type\":\"ImageObject\",\"inLanguage\":\"pt-PT\",\"@id\":\"https:\/\/uhlala-events.com\/pt-pt\/#\/schema\/logo\/image\/\",\"url\":\"https:\/\/uhlala-events.com\/wp-content\/uploads\/2025\/05\/favicon.png\",\"contentUrl\":\"https:\/\/uhlala-events.com\/wp-content\/uploads\/2025\/05\/favicon.png\",\"width\":512,\"height\":512,\"caption\":\"Uhlala Events\"},\"image\":{\"@id\":\"https:\/\/uhlala-events.com\/pt-pt\/#\/schema\/logo\/image\/\"},\"sameAs\":[\"https:\/\/www.instagram.com\/uhlalaweddingsitaly\/\"]}]}<\/script>\n<!-- \/ Yoast SEO plugin. -->","yoast_head_json":{"title":"Pol\u00edtica de Privacidade - Uhlala Events","robots":{"index":"index","follow":"follow","max-snippet":"max-snippet:-1","max-image-preview":"max-image-preview:large","max-video-preview":"max-video-preview:-1"},"canonical":"https:\/\/uhlala-events.com\/pt-pt\/privacy-policy\/","og_locale":"pt_PT","og_type":"article","og_title":"Pol\u00edtica de Privacidade - Uhlala Events","og_description":"Quem somos e como entrar em contato:A UhLaLa Weddings &amp; Events (Annick Labont\u00e9 e Cecilia Lami) \u00e9 respons\u00e1vel por este site. Nosso e-mail de contato \u00e9: hello@uhlala-events.com Quais dados coletamos:Coletamos os seguintes tipos de dados pessoais: Cookies e dados de uso: informa\u00e7\u00f5es sobre como voc\u00ea utiliza nosso site, para que possamos melhor\u00e1-lo. Informa\u00e7\u00f5es de contato: [...]","og_url":"https:\/\/uhlala-events.com\/pt-pt\/privacy-policy\/","og_site_name":"Uhlala Events","article_publisher":"https:\/\/www.instagram.com\/uhlalaweddingsitaly\/","article_modified_time":"2025-07-23T15:09:02+00:00","twitter_card":"summary_large_image","twitter_misc":{"Tempo estimado de leitura":"2 minutos"},"schema":{"@context":"https:\/\/schema.org","@graph":[{"@type":"WebPage","@id":"https:\/\/uhlala-events.com\/pt-pt\/privacy-policy\/","url":"https:\/\/uhlala-events.com\/pt-pt\/privacy-policy\/","name":"Pol\u00edtica de Privacidade - Uhlala Events","isPartOf":{"@id":"https:\/\/uhlala-events.com\/pt-pt\/#website"},"datePublished":"2025-05-11T11:58:30+00:00","dateModified":"2025-07-23T15:09:02+00:00","breadcrumb":{"@id":"https:\/\/uhlala-events.com\/pt-pt\/privacy-policy\/#breadcrumb"},"inLanguage":"pt-PT","potentialAction":[{"@type":"ReadAction","target":["https:\/\/uhlala-events.com\/pt-pt\/privacy-policy\/"]}]},{"@type":"BreadcrumbList","@id":"https:\/\/uhlala-events.com\/pt-pt\/privacy-policy\/#breadcrumb","itemListElement":[{"@type":"ListItem","position":1,"name":"Home","item":"https:\/\/uhlala-events.com\/pt-pt\/"},{"@type":"ListItem","position":2,"name":"Pol\u00edtica de Privacidade"}]},{"@type":"WebSite","@id":"https:\/\/uhlala-events.com\/pt-pt\/#website","url":"https:\/\/uhlala-events.com\/pt-pt\/","name":"Uhlala Events","description":"Wedding Planner","publisher":{"@id":"https:\/\/uhlala-events.com\/pt-pt\/#organization"},"potentialAction":[{"@type":"SearchAction","target":{"@type":"EntryPoint","urlTemplate":"https:\/\/uhlala-events.com\/pt-pt\/?s={search_term_string}"},"query-input":{"@type":"PropertyValueSpecification","valueRequired":true,"valueName":"search_term_string"}}],"inLanguage":"pt-PT"},{"@type":"Organization","@id":"https:\/\/uhlala-events.com\/pt-pt\/#organization","name":"Uhlala Events","url":"https:\/\/uhlala-events.com\/pt-pt\/","logo":{"@type":"ImageObject","inLanguage":"pt-PT","@id":"https:\/\/uhlala-events.com\/pt-pt\/#\/schema\/logo\/image\/","url":"https:\/\/uhlala-events.com\/wp-content\/uploads\/2025\/05\/favicon.png","contentUrl":"https:\/\/uhlala-events.com\/wp-content\/uploads\/2025\/05\/favicon.png","width":512,"height":512,"caption":"Uhlala Events"},"image":{"@id":"https:\/\/uhlala-events.com\/pt-pt\/#\/schema\/logo\/image\/"},"sameAs":["https:\/\/www.instagram.com\/uhlalaweddingsitaly\/"]}]}},"_links":{"self":[{"href":"https:\/\/uhlala-events.com\/pt-pt\/wp-json\/wp\/v2\/pages\/1373","targetHints":{"allow":["GET"]}}],"collection":[{"href":"https:\/\/uhlala-events.com\/pt-pt\/wp-json\/wp\/v2\/pages"}],"about":[{"href":"https:\/\/uhlala-events.com\/pt-pt\/wp-json\/wp\/v2\/types\/page"}],"author":[{"embeddable":true,"href":"https:\/\/uhlala-events.com\/pt-pt\/wp-json\/wp\/v2\/users\/1"}],"replies":[{"embeddable":true,"href":"https:\/\/uhlala-events.com\/pt-pt\/wp-json\/wp\/v2\/comments?post=1373"}],"version-history":[{"count":1,"href":"https:\/\/uhlala-events.com\/pt-pt\/wp-json\/wp\/v2\/pages\/1373\/revisions"}],"predecessor-version":[{"id":1376,"href":"https:\/\/uhlala-events.com\/pt-pt\/wp-json\/wp\/v2\/pages\/1373\/revisions\/1376"}],"wp:attachment":[{"href":"https:\/\/uhlala-events.com\/pt-pt\/wp-json\/wp\/v2\/media?parent=1373"}],"curies":[{"name":"wp","href":"https:\/\/api.w.org\/{rel}","templated":true}]}}