{"id":1362,"date":"2025-05-11T19:35:21","date_gmt":"2025-05-11T17:35:21","guid":{"rendered":"https:\/\/uhlala-events.com\/our-philosophy\/"},"modified":"2025-07-23T16:55:30","modified_gmt":"2025-07-23T14:55:30","slug":"our-philosophy","status":"publish","type":"page","link":"https:\/\/uhlala-events.com\/pt-pt\/our-philosophy\/","title":{"rendered":"Nossa Filosofia"},"content":{"rendered":"<p>Unimos <strong>criatividade, precis\u00e3o e sensibilidade cultural em equil\u00edbrio harmonioso<\/strong> para garantir que cada casamento seja verdadeiramente \u00fanico.<\/p>\n<p>Na <strong>UhLaLa<\/strong>, acreditamos que um casamento \u00e9 mais do que apenas um dia \u2014 <strong>\u00e9 uma jornada de emo\u00e7\u00f5es, cultura e momentos inesquec\u00edveis.<\/strong><br \/>\nNossa miss\u00e3o \u00e9 criar uma <strong>experi\u00eancia imersiva<\/strong> de 2 a 3 dias, onde voc\u00ea e seus convidados possam celebrar o amor no cora\u00e7\u00e3o da It\u00e1lia, cercados por <strong>paisagens deslumbrantes, uma culin\u00e1ria extraordin\u00e1ria e tradi\u00e7\u00f5es aut\u00eanticas.<\/strong><\/p>\n","protected":false},"excerpt":{"rendered":"<p>Unimos criatividade, precis\u00e3o e sensibilidade cultural em equil\u00edbrio harmonioso para garantir que cada casamento seja verdadeiramente \u00fanico. Na UhLaLa, acreditamos que um casamento \u00e9 mais do que apenas um dia \u2014 \u00e9 uma jornada de emo\u00e7\u00f5es, cultura e momentos inesquec\u00edveis. Nossa miss\u00e3o \u00e9 criar uma experi\u00eancia imersiva de 2 a 3 dias, onde voc\u00ea e [&#8230;]<\/p>\n","protected":false},"author":1,"featured_media":0,"parent":0,"menu_order":0,"comment_status":"closed","ping_status":"closed","template":"","meta":{"_acf_changed":false,"inline_featured_image":false,"_joinchat":[],"footnotes":""},"class_list":["post-1362","page","type-page","status-publish","hentry"],"acf":[],"yoast_head":"<!-- This site is optimized with the Yoast SEO plugin v26.6 - https:\/\/yoast.com\/wordpress\/plugins\/seo\/ -->\n<title>Nossa Filosofia - Uhlala Events<\/title>\n<meta name=\"robots\" content=\"index, follow, max-snippet:-1, max-image-preview:large, max-video-preview:-1\" \/>\n<link rel=\"canonical\" href=\"https:\/\/uhlala-events.com\/pt-pt\/our-philosophy\/\" \/>\n<meta property=\"og:locale\" content=\"pt_PT\" \/>\n<meta property=\"og:type\" content=\"article\" \/>\n<meta property=\"og:title\" content=\"Nossa Filosofia - Uhlala Events\" \/>\n<meta property=\"og:description\" content=\"Unimos criatividade, precis\u00e3o e sensibilidade cultural em equil\u00edbrio harmonioso para garantir que cada casamento seja verdadeiramente \u00fanico. Na UhLaLa, acreditamos que um casamento \u00e9 mais do que apenas um dia \u2014 \u00e9 uma jornada de emo\u00e7\u00f5es, cultura e momentos inesquec\u00edveis. Nossa miss\u00e3o \u00e9 criar uma experi\u00eancia imersiva de 2 a 3 dias, onde voc\u00ea e [...]\" \/>\n<meta property=\"og:url\" content=\"https:\/\/uhlala-events.com\/pt-pt\/our-philosophy\/\" \/>\n<meta property=\"og:site_name\" content=\"Uhlala Events\" \/>\n<meta property=\"article:publisher\" content=\"https:\/\/www.instagram.com\/uhlalaweddingsitaly\/\" \/>\n<meta property=\"article:modified_time\" content=\"2025-07-23T14:55:30+00:00\" \/>\n<meta name=\"twitter:card\" content=\"summary_large_image\" \/>\n<meta name=\"twitter:label1\" content=\"Tempo estimado de leitura\" \/>\n\t<meta name=\"twitter:data1\" content=\"1 minuto\" \/>\n<script type=\"application\/ld+json\" class=\"yoast-schema-graph\">{\"@context\":\"https:\/\/schema.org\",\"@graph\":[{\"@type\":\"WebPage\",\"@id\":\"https:\/\/uhlala-events.com\/pt-pt\/our-philosophy\/\",\"url\":\"https:\/\/uhlala-events.com\/pt-pt\/our-philosophy\/\",\"name\":\"Nossa Filosofia - Uhlala Events\",\"isPartOf\":{\"@id\":\"https:\/\/uhlala-events.com\/pt-pt\/#website\"},\"datePublished\":\"2025-05-11T17:35:21+00:00\",\"dateModified\":\"2025-07-23T14:55:30+00:00\",\"breadcrumb\":{\"@id\":\"https:\/\/uhlala-events.com\/pt-pt\/our-philosophy\/#breadcrumb\"},\"inLanguage\":\"pt-PT\",\"potentialAction\":[{\"@type\":\"ReadAction\",\"target\":[\"https:\/\/uhlala-events.com\/pt-pt\/our-philosophy\/\"]}]},{\"@type\":\"BreadcrumbList\",\"@id\":\"https:\/\/uhlala-events.com\/pt-pt\/our-philosophy\/#breadcrumb\",\"itemListElement\":[{\"@type\":\"ListItem\",\"position\":1,\"name\":\"Home\",\"item\":\"https:\/\/uhlala-events.com\/pt-pt\/\"},{\"@type\":\"ListItem\",\"position\":2,\"name\":\"Nossa Filosofia\"}]},{\"@type\":\"WebSite\",\"@id\":\"https:\/\/uhlala-events.com\/pt-pt\/#website\",\"url\":\"https:\/\/uhlala-events.com\/pt-pt\/\",\"name\":\"Uhlala Events\",\"description\":\"Wedding Planner\",\"publisher\":{\"@id\":\"https:\/\/uhlala-events.com\/pt-pt\/#organization\"},\"potentialAction\":[{\"@type\":\"SearchAction\",\"target\":{\"@type\":\"EntryPoint\",\"urlTemplate\":\"https:\/\/uhlala-events.com\/pt-pt\/?s={search_term_string}\"},\"query-input\":{\"@type\":\"PropertyValueSpecification\",\"valueRequired\":true,\"valueName\":\"search_term_string\"}}],\"inLanguage\":\"pt-PT\"},{\"@type\":\"Organization\",\"@id\":\"https:\/\/uhlala-events.com\/pt-pt\/#organization\",\"name\":\"Uhlala Events\",\"url\":\"https:\/\/uhlala-events.com\/pt-pt\/\",\"logo\":{\"@type\":\"ImageObject\",\"inLanguage\":\"pt-PT\",\"@id\":\"https:\/\/uhlala-events.com\/pt-pt\/#\/schema\/logo\/image\/\",\"url\":\"https:\/\/uhlala-events.com\/wp-content\/uploads\/2025\/05\/favicon.png\",\"contentUrl\":\"https:\/\/uhlala-events.com\/wp-content\/uploads\/2025\/05\/favicon.png\",\"width\":512,\"height\":512,\"caption\":\"Uhlala Events\"},\"image\":{\"@id\":\"https:\/\/uhlala-events.com\/pt-pt\/#\/schema\/logo\/image\/\"},\"sameAs\":[\"https:\/\/www.instagram.com\/uhlalaweddingsitaly\/\"]}]}<\/script>\n<!-- \/ Yoast SEO plugin. -->","yoast_head_json":{"title":"Nossa Filosofia - Uhlala Events","robots":{"index":"index","follow":"follow","max-snippet":"max-snippet:-1","max-image-preview":"max-image-preview:large","max-video-preview":"max-video-preview:-1"},"canonical":"https:\/\/uhlala-events.com\/pt-pt\/our-philosophy\/","og_locale":"pt_PT","og_type":"article","og_title":"Nossa Filosofia - Uhlala Events","og_description":"Unimos criatividade, precis\u00e3o e sensibilidade cultural em equil\u00edbrio harmonioso para garantir que cada casamento seja verdadeiramente \u00fanico. Na UhLaLa, acreditamos que um casamento \u00e9 mais do que apenas um dia \u2014 \u00e9 uma jornada de emo\u00e7\u00f5es, cultura e momentos inesquec\u00edveis. Nossa miss\u00e3o \u00e9 criar uma experi\u00eancia imersiva de 2 a 3 dias, onde voc\u00ea e [...]","og_url":"https:\/\/uhlala-events.com\/pt-pt\/our-philosophy\/","og_site_name":"Uhlala Events","article_publisher":"https:\/\/www.instagram.com\/uhlalaweddingsitaly\/","article_modified_time":"2025-07-23T14:55:30+00:00","twitter_card":"summary_large_image","twitter_misc":{"Tempo estimado de leitura":"1 minuto"},"schema":{"@context":"https:\/\/schema.org","@graph":[{"@type":"WebPage","@id":"https:\/\/uhlala-events.com\/pt-pt\/our-philosophy\/","url":"https:\/\/uhlala-events.com\/pt-pt\/our-philosophy\/","name":"Nossa Filosofia - Uhlala Events","isPartOf":{"@id":"https:\/\/uhlala-events.com\/pt-pt\/#website"},"datePublished":"2025-05-11T17:35:21+00:00","dateModified":"2025-07-23T14:55:30+00:00","breadcrumb":{"@id":"https:\/\/uhlala-events.com\/pt-pt\/our-philosophy\/#breadcrumb"},"inLanguage":"pt-PT","potentialAction":[{"@type":"ReadAction","target":["https:\/\/uhlala-events.com\/pt-pt\/our-philosophy\/"]}]},{"@type":"BreadcrumbList","@id":"https:\/\/uhlala-events.com\/pt-pt\/our-philosophy\/#breadcrumb","itemListElement":[{"@type":"ListItem","position":1,"name":"Home","item":"https:\/\/uhlala-events.com\/pt-pt\/"},{"@type":"ListItem","position":2,"name":"Nossa Filosofia"}]},{"@type":"WebSite","@id":"https:\/\/uhlala-events.com\/pt-pt\/#website","url":"https:\/\/uhlala-events.com\/pt-pt\/","name":"Uhlala Events","description":"Wedding Planner","publisher":{"@id":"https:\/\/uhlala-events.com\/pt-pt\/#organization"},"potentialAction":[{"@type":"SearchAction","target":{"@type":"EntryPoint","urlTemplate":"https:\/\/uhlala-events.com\/pt-pt\/?s={search_term_string}"},"query-input":{"@type":"PropertyValueSpecification","valueRequired":true,"valueName":"search_term_string"}}],"inLanguage":"pt-PT"},{"@type":"Organization","@id":"https:\/\/uhlala-events.com\/pt-pt\/#organization","name":"Uhlala Events","url":"https:\/\/uhlala-events.com\/pt-pt\/","logo":{"@type":"ImageObject","inLanguage":"pt-PT","@id":"https:\/\/uhlala-events.com\/pt-pt\/#\/schema\/logo\/image\/","url":"https:\/\/uhlala-events.com\/wp-content\/uploads\/2025\/05\/favicon.png","contentUrl":"https:\/\/uhlala-events.com\/wp-content\/uploads\/2025\/05\/favicon.png","width":512,"height":512,"caption":"Uhlala Events"},"image":{"@id":"https:\/\/uhlala-events.com\/pt-pt\/#\/schema\/logo\/image\/"},"sameAs":["https:\/\/www.instagram.com\/uhlalaweddingsitaly\/"]}]}},"_links":{"self":[{"href":"https:\/\/uhlala-events.com\/pt-pt\/wp-json\/wp\/v2\/pages\/1362","targetHints":{"allow":["GET"]}}],"collection":[{"href":"https:\/\/uhlala-events.com\/pt-pt\/wp-json\/wp\/v2\/pages"}],"about":[{"href":"https:\/\/uhlala-events.com\/pt-pt\/wp-json\/wp\/v2\/types\/page"}],"author":[{"embeddable":true,"href":"https:\/\/uhlala-events.com\/pt-pt\/wp-json\/wp\/v2\/users\/1"}],"replies":[{"embeddable":true,"href":"https:\/\/uhlala-events.com\/pt-pt\/wp-json\/wp\/v2\/comments?post=1362"}],"version-history":[{"count":2,"href":"https:\/\/uhlala-events.com\/pt-pt\/wp-json\/wp\/v2\/pages\/1362\/revisions"}],"predecessor-version":[{"id":1367,"href":"https:\/\/uhlala-events.com\/pt-pt\/wp-json\/wp\/v2\/pages\/1362\/revisions\/1367"}],"wp:attachment":[{"href":"https:\/\/uhlala-events.com\/pt-pt\/wp-json\/wp\/v2\/media?parent=1362"}],"curies":[{"name":"wp","href":"https:\/\/api.w.org\/{rel}","templated":true}]}}