{"id":1353,"date":"2025-05-11T16:58:20","date_gmt":"2025-05-11T14:58:20","guid":{"rendered":"https:\/\/uhlala-events.com\/kind-words\/"},"modified":"2025-11-16T15:17:05","modified_gmt":"2025-11-16T14:17:05","slug":"kind-words","status":"publish","type":"page","link":"https:\/\/uhlala-events.com\/pt-pt\/kind-words\/","title":{"rendered":"Depoimentos"},"content":{"rendered":"<h3 data-start=\"165\" data-end=\"208\"><strong data-start=\"165\" data-end=\"208\">Eles me fizeram sentir parte da fam\u00edlia<\/strong><\/h3>\n<p data-start=\"210\" data-end=\"1404\">Quando fui recomendada \u00e0 Annick pelo meu local de casamento na Toscana, eu n\u00e3o sabia o que esperar, nem achava que realmente precisava de uma wedding planner. Mas desde nossa primeira chamada pelo FaceTime, Annick me deixou tranquila e criamos uma conex\u00e3o imediata. Durante toda a prepara\u00e7\u00e3o do casamento, sua comunica\u00e7\u00e3o foi perfeita e sempre no tempo certo, apesar da diferen\u00e7a de fuso hor\u00e1rio entre n\u00f3s. Qualquer d\u00favida que eu tinha, ela sempre tinha a resposta \u2014 e quando n\u00e3o tinha, ela buscava e retornava rapidamente.<br data-start=\"733\" data-end=\"736\" \/>Nesse momento, entendi totalmente por que uma planner \u00e9 essencial, especialmente para casamentos de destino. Annick fez perguntas que eu jamais teria pensado e se certificou de que o grande dia aconteceria exatamente como quer\u00edamos. Ela fez com que ter um casamento na It\u00e1lia parecesse muito menos assustador, especialmente nos meses anteriores, com todos os detalhes finais.<br data-start=\"1111\" data-end=\"1114\" \/>No dia do casamento, Annick e Cecilia fizeram tudo correr da forma mais perfeita poss\u00edvel! No fim da noite, eu chorei ao me despedir (depois de alguns drinks \ud83d\ude02) porque elas realmente me fizeram sentir como parte da fam\u00edlia. Recomendo muito a UhLaLa Weddings para o seu casamento na It\u00e1lia!<\/p>\n<p data-start=\"210\" data-end=\"1404\"><strong>\u2013 Nicole &amp; Ronnie<\/strong><\/p>\n<p data-start=\"210\" data-end=\"1404\">\n<h3><strong>Como planejar seu casamento com sua melhor amiga italiana<\/strong><\/h3>\n<p>A equipe da UhLaLa \u00e9 simplesmente incr\u00edvel! Cresci em meio a casamentos, ent\u00e3o minhas expectativas eram altas \u2014 e elas superaram todas.<br \/>\nPlanejar um casamento de destino parecia assustador, mas a UhLaLa tornou tudo leve e natural.<br \/>\nA Annick cuidou de cada detalhe com calma e carinho, da coordena\u00e7\u00e3o dos fornecedores ao cronograma, para que pud\u00e9ssemos apenas aproveitar o momento.<br \/>\nTudo foi ainda mais bonito do que imagin\u00e1vamos \u2014 as flores, a m\u00fasica, o ambiente.<br \/>\nA UhLaLa n\u00e3o \u00e9 s\u00f3 uma equipe extraordin\u00e1ria de wedding planners \u2014 s\u00e3o pessoas que voc\u00ea vai querer manter na sua vida para sempre.<br \/>\nSe voc\u00ea est\u00e1 planejando um casamento na Toscana, nem pense duas vezes \u2014 comece com a UhLaLa!<br \/>\n\u2014 <strong>Clara &amp; Josh<\/strong><\/p>\n<h3><strong>Nosso dia dos sonhos, realizado com perfei\u00e7\u00e3o<\/strong><\/h3>\n<p>N\u00e3o temos palavras para agradecer \u00e0 UhLaLa por tornar nosso casamento na It\u00e1lia t\u00e3o m\u00e1gico e f\u00e1cil.<br \/>\nDesde a primeira liga\u00e7\u00e3o, a Annick foi calorosa, atenciosa e entendeu perfeitamente nossa vis\u00e3o.<br \/>\nEla cuidou de toda a log\u00edstica, trouxe os fornecedores certos e deu alma e estilo ao evento.<br \/>\nMas o que mais nos marcou foi o quanto ela se importou de verdade.<br \/>\nPara ela, n\u00e3o era s\u00f3 um trabalho \u2014 era sobre a nossa alegria, e isso transpareceu em cada detalhe.<br \/>\nPlanejar um casamento desde a Calif\u00f3rnia poderia ter sido estressante, mas com a Annick foi leve e totalmente sob controle.<br \/>\nSe voc\u00ea sonha com um casamento na It\u00e1lia, ela \u00e9 a pessoa certa ao seu lado.<br \/>\n\u2014 <strong>Sonia &amp; Mark<\/strong><\/p>\n<h3><strong>O segredo para um casamento sem estresse na It\u00e1lia<\/strong><\/h3>\n<p>A UhLaLa fez com que o nosso final de semana de casamento na It\u00e1lia fosse completamente livre de estresse \u2014 e genuinamente divertido.<br \/>\nDesde o in\u00edcio, a Annick foi organizada, cuidadosa e sempre estava tr\u00eas passos \u00e0 frente.<br \/>\nComo casal de fora, est\u00e1vamos apreensivos com a dist\u00e2ncia, mas a Annick cuidou de tudo com precis\u00e3o e carinho.<br \/>\nEla n\u00e3o foi apenas uma planejadora \u2014 foi nosso suporte, nossa calma e o motivo pelo qual pudemos relaxar e aproveitar cada momento com nossos convidados.<br \/>\nSinceramente, n\u00e3o conseguimos imaginar nosso casamento sem a UhLaLa.<br \/>\nSe voc\u00ea est\u00e1 planejando de outro pa\u00eds, n\u00e3o fa\u00e7a isso sem elas.<br \/>\n\u2014 <strong>Jessica &amp; St\u00e9phane<\/strong><\/p>\n<p>&nbsp;<\/p>\n","protected":false},"excerpt":{"rendered":"<p>Eles me fizeram sentir parte da fam\u00edlia Quando fui recomendada \u00e0 Annick pelo meu local de casamento na Toscana, eu n\u00e3o sabia o que esperar, nem achava que realmente precisava de uma wedding planner. Mas desde nossa primeira chamada pelo FaceTime, Annick me deixou tranquila e criamos uma conex\u00e3o imediata. Durante toda a prepara\u00e7\u00e3o do [&#8230;]<\/p>\n","protected":false},"author":1,"featured_media":0,"parent":0,"menu_order":0,"comment_status":"closed","ping_status":"closed","template":"","meta":{"_acf_changed":false,"inline_featured_image":false,"_joinchat":[],"footnotes":""},"class_list":["post-1353","page","type-page","status-publish","hentry"],"acf":[],"yoast_head":"<!-- This site is optimized with the Yoast SEO plugin v26.6 - https:\/\/yoast.com\/wordpress\/plugins\/seo\/ -->\n<title>Depoimentos - Uhlala Events<\/title>\n<meta name=\"description\" content=\"Conhe\u00e7a hist\u00f3rias reais de casais que casaram com UhLaLa na Toscana e na Puglia. Emo\u00e7\u00f5es aut\u00eanticas e experi\u00eancias inesquec\u00edveis.\" \/>\n<meta name=\"robots\" content=\"index, follow, max-snippet:-1, max-image-preview:large, max-video-preview:-1\" \/>\n<link rel=\"canonical\" href=\"https:\/\/uhlala-events.com\/pt-pt\/kind-words\/\" \/>\n<meta property=\"og:locale\" content=\"pt_PT\" \/>\n<meta property=\"og:type\" content=\"article\" \/>\n<meta property=\"og:title\" content=\"Depoimentos - Uhlala Events\" \/>\n<meta property=\"og:description\" content=\"Conhe\u00e7a hist\u00f3rias reais de casais que casaram com UhLaLa na Toscana e na Puglia. Emo\u00e7\u00f5es aut\u00eanticas e experi\u00eancias inesquec\u00edveis.\" \/>\n<meta property=\"og:url\" content=\"https:\/\/uhlala-events.com\/pt-pt\/kind-words\/\" \/>\n<meta property=\"og:site_name\" content=\"Uhlala Events\" \/>\n<meta property=\"article:publisher\" content=\"https:\/\/www.instagram.com\/uhlalaweddingsitaly\/\" \/>\n<meta property=\"article:modified_time\" content=\"2025-11-16T14:17:05+00:00\" \/>\n<meta name=\"twitter:card\" content=\"summary_large_image\" \/>\n<meta name=\"twitter:label1\" content=\"Tempo estimado de leitura\" \/>\n\t<meta name=\"twitter:data1\" content=\"3 minutos\" \/>\n<script type=\"application\/ld+json\" class=\"yoast-schema-graph\">{\"@context\":\"https:\/\/schema.org\",\"@graph\":[{\"@type\":\"WebPage\",\"@id\":\"https:\/\/uhlala-events.com\/pt-pt\/kind-words\/\",\"url\":\"https:\/\/uhlala-events.com\/pt-pt\/kind-words\/\",\"name\":\"Depoimentos - Uhlala Events\",\"isPartOf\":{\"@id\":\"https:\/\/uhlala-events.com\/pt-pt\/#website\"},\"datePublished\":\"2025-05-11T14:58:20+00:00\",\"dateModified\":\"2025-11-16T14:17:05+00:00\",\"description\":\"Conhe\u00e7a hist\u00f3rias reais de casais que casaram com UhLaLa na Toscana e na Puglia. Emo\u00e7\u00f5es aut\u00eanticas e experi\u00eancias inesquec\u00edveis.\",\"breadcrumb\":{\"@id\":\"https:\/\/uhlala-events.com\/pt-pt\/kind-words\/#breadcrumb\"},\"inLanguage\":\"pt-PT\",\"potentialAction\":[{\"@type\":\"ReadAction\",\"target\":[\"https:\/\/uhlala-events.com\/pt-pt\/kind-words\/\"]}]},{\"@type\":\"BreadcrumbList\",\"@id\":\"https:\/\/uhlala-events.com\/pt-pt\/kind-words\/#breadcrumb\",\"itemListElement\":[{\"@type\":\"ListItem\",\"position\":1,\"name\":\"Home\",\"item\":\"https:\/\/uhlala-events.com\/pt-pt\/\"},{\"@type\":\"ListItem\",\"position\":2,\"name\":\"Depoimentos\"}]},{\"@type\":\"WebSite\",\"@id\":\"https:\/\/uhlala-events.com\/pt-pt\/#website\",\"url\":\"https:\/\/uhlala-events.com\/pt-pt\/\",\"name\":\"Uhlala Events\",\"description\":\"Wedding Planner\",\"publisher\":{\"@id\":\"https:\/\/uhlala-events.com\/pt-pt\/#organization\"},\"potentialAction\":[{\"@type\":\"SearchAction\",\"target\":{\"@type\":\"EntryPoint\",\"urlTemplate\":\"https:\/\/uhlala-events.com\/pt-pt\/?s={search_term_string}\"},\"query-input\":{\"@type\":\"PropertyValueSpecification\",\"valueRequired\":true,\"valueName\":\"search_term_string\"}}],\"inLanguage\":\"pt-PT\"},{\"@type\":\"Organization\",\"@id\":\"https:\/\/uhlala-events.com\/pt-pt\/#organization\",\"name\":\"Uhlala Events\",\"url\":\"https:\/\/uhlala-events.com\/pt-pt\/\",\"logo\":{\"@type\":\"ImageObject\",\"inLanguage\":\"pt-PT\",\"@id\":\"https:\/\/uhlala-events.com\/pt-pt\/#\/schema\/logo\/image\/\",\"url\":\"https:\/\/uhlala-events.com\/wp-content\/uploads\/2025\/05\/favicon.png\",\"contentUrl\":\"https:\/\/uhlala-events.com\/wp-content\/uploads\/2025\/05\/favicon.png\",\"width\":512,\"height\":512,\"caption\":\"Uhlala Events\"},\"image\":{\"@id\":\"https:\/\/uhlala-events.com\/pt-pt\/#\/schema\/logo\/image\/\"},\"sameAs\":[\"https:\/\/www.instagram.com\/uhlalaweddingsitaly\/\"]}]}<\/script>\n<!-- \/ Yoast SEO plugin. -->","yoast_head_json":{"title":"Depoimentos - Uhlala Events","description":"Conhe\u00e7a hist\u00f3rias reais de casais que casaram com UhLaLa na Toscana e na Puglia. Emo\u00e7\u00f5es aut\u00eanticas e experi\u00eancias inesquec\u00edveis.","robots":{"index":"index","follow":"follow","max-snippet":"max-snippet:-1","max-image-preview":"max-image-preview:large","max-video-preview":"max-video-preview:-1"},"canonical":"https:\/\/uhlala-events.com\/pt-pt\/kind-words\/","og_locale":"pt_PT","og_type":"article","og_title":"Depoimentos - Uhlala Events","og_description":"Conhe\u00e7a hist\u00f3rias reais de casais que casaram com UhLaLa na Toscana e na Puglia. Emo\u00e7\u00f5es aut\u00eanticas e experi\u00eancias inesquec\u00edveis.","og_url":"https:\/\/uhlala-events.com\/pt-pt\/kind-words\/","og_site_name":"Uhlala Events","article_publisher":"https:\/\/www.instagram.com\/uhlalaweddingsitaly\/","article_modified_time":"2025-11-16T14:17:05+00:00","twitter_card":"summary_large_image","twitter_misc":{"Tempo estimado de leitura":"3 minutos"},"schema":{"@context":"https:\/\/schema.org","@graph":[{"@type":"WebPage","@id":"https:\/\/uhlala-events.com\/pt-pt\/kind-words\/","url":"https:\/\/uhlala-events.com\/pt-pt\/kind-words\/","name":"Depoimentos - Uhlala Events","isPartOf":{"@id":"https:\/\/uhlala-events.com\/pt-pt\/#website"},"datePublished":"2025-05-11T14:58:20+00:00","dateModified":"2025-11-16T14:17:05+00:00","description":"Conhe\u00e7a hist\u00f3rias reais de casais que casaram com UhLaLa na Toscana e na Puglia. Emo\u00e7\u00f5es aut\u00eanticas e experi\u00eancias inesquec\u00edveis.","breadcrumb":{"@id":"https:\/\/uhlala-events.com\/pt-pt\/kind-words\/#breadcrumb"},"inLanguage":"pt-PT","potentialAction":[{"@type":"ReadAction","target":["https:\/\/uhlala-events.com\/pt-pt\/kind-words\/"]}]},{"@type":"BreadcrumbList","@id":"https:\/\/uhlala-events.com\/pt-pt\/kind-words\/#breadcrumb","itemListElement":[{"@type":"ListItem","position":1,"name":"Home","item":"https:\/\/uhlala-events.com\/pt-pt\/"},{"@type":"ListItem","position":2,"name":"Depoimentos"}]},{"@type":"WebSite","@id":"https:\/\/uhlala-events.com\/pt-pt\/#website","url":"https:\/\/uhlala-events.com\/pt-pt\/","name":"Uhlala Events","description":"Wedding Planner","publisher":{"@id":"https:\/\/uhlala-events.com\/pt-pt\/#organization"},"potentialAction":[{"@type":"SearchAction","target":{"@type":"EntryPoint","urlTemplate":"https:\/\/uhlala-events.com\/pt-pt\/?s={search_term_string}"},"query-input":{"@type":"PropertyValueSpecification","valueRequired":true,"valueName":"search_term_string"}}],"inLanguage":"pt-PT"},{"@type":"Organization","@id":"https:\/\/uhlala-events.com\/pt-pt\/#organization","name":"Uhlala Events","url":"https:\/\/uhlala-events.com\/pt-pt\/","logo":{"@type":"ImageObject","inLanguage":"pt-PT","@id":"https:\/\/uhlala-events.com\/pt-pt\/#\/schema\/logo\/image\/","url":"https:\/\/uhlala-events.com\/wp-content\/uploads\/2025\/05\/favicon.png","contentUrl":"https:\/\/uhlala-events.com\/wp-content\/uploads\/2025\/05\/favicon.png","width":512,"height":512,"caption":"Uhlala Events"},"image":{"@id":"https:\/\/uhlala-events.com\/pt-pt\/#\/schema\/logo\/image\/"},"sameAs":["https:\/\/www.instagram.com\/uhlalaweddingsitaly\/"]}]}},"_links":{"self":[{"href":"https:\/\/uhlala-events.com\/pt-pt\/wp-json\/wp\/v2\/pages\/1353","targetHints":{"allow":["GET"]}}],"collection":[{"href":"https:\/\/uhlala-events.com\/pt-pt\/wp-json\/wp\/v2\/pages"}],"about":[{"href":"https:\/\/uhlala-events.com\/pt-pt\/wp-json\/wp\/v2\/types\/page"}],"author":[{"embeddable":true,"href":"https:\/\/uhlala-events.com\/pt-pt\/wp-json\/wp\/v2\/users\/1"}],"replies":[{"embeddable":true,"href":"https:\/\/uhlala-events.com\/pt-pt\/wp-json\/wp\/v2\/comments?post=1353"}],"version-history":[{"count":3,"href":"https:\/\/uhlala-events.com\/pt-pt\/wp-json\/wp\/v2\/pages\/1353\/revisions"}],"predecessor-version":[{"id":1937,"href":"https:\/\/uhlala-events.com\/pt-pt\/wp-json\/wp\/v2\/pages\/1353\/revisions\/1937"}],"wp:attachment":[{"href":"https:\/\/uhlala-events.com\/pt-pt\/wp-json\/wp\/v2\/media?parent=1353"}],"curies":[{"name":"wp","href":"https:\/\/api.w.org\/{rel}","templated":true}]}}