{"id":1319,"date":"2025-05-20T14:19:21","date_gmt":"2025-05-20T12:19:21","guid":{"rendered":"https:\/\/uhlala-events.com\/services\/partialweddingplanning\/"},"modified":"2025-08-19T18:49:01","modified_gmt":"2025-08-19T16:49:01","slug":"partialweddingplanning","status":"publish","type":"page","link":"https:\/\/uhlala-events.com\/pt-pt\/services\/partialweddingplanning\/","title":{"rendered":"Planejamento Parcial"},"content":{"rendered":"","protected":false},"excerpt":{"rendered":"<p> [&#8230;]<\/p>\n","protected":false},"author":1,"featured_media":0,"parent":1307,"menu_order":0,"comment_status":"closed","ping_status":"closed","template":"page-templates\/uhlala-page.php","meta":{"_acf_changed":false,"inline_featured_image":false,"_joinchat":[],"footnotes":""},"class_list":["post-1319","page","type-page","status-publish","hentry"],"acf":[],"yoast_head":"<!-- This site is optimized with the Yoast SEO plugin v26.6 - https:\/\/yoast.com\/wordpress\/plugins\/seo\/ -->\n<title>Planejamento Parcial - Uhlala Events<\/title>\n<meta name=\"description\" content=\"J\u00e1 come\u00e7ou a organizar seu casamento na It\u00e1lia? A UhLaLa entra com apoio parcial para finalizar detalhes e garantir uma celebra\u00e7\u00e3o perfeita.\" \/>\n<meta name=\"robots\" content=\"index, follow, max-snippet:-1, max-image-preview:large, max-video-preview:-1\" \/>\n<link rel=\"canonical\" href=\"https:\/\/uhlala-events.com\/pt-pt\/services\/partialweddingplanning\/\" \/>\n<meta property=\"og:locale\" content=\"pt_PT\" \/>\n<meta property=\"og:type\" content=\"article\" \/>\n<meta property=\"og:title\" content=\"Planejamento Parcial - Uhlala Events\" \/>\n<meta property=\"og:description\" content=\"J\u00e1 come\u00e7ou a organizar seu casamento na It\u00e1lia? A UhLaLa entra com apoio parcial para finalizar detalhes e garantir uma celebra\u00e7\u00e3o perfeita.\" \/>\n<meta property=\"og:url\" content=\"https:\/\/uhlala-events.com\/pt-pt\/services\/partialweddingplanning\/\" \/>\n<meta property=\"og:site_name\" content=\"Uhlala Events\" \/>\n<meta property=\"article:publisher\" content=\"https:\/\/www.instagram.com\/uhlalaweddingsitaly\/\" \/>\n<meta property=\"article:modified_time\" content=\"2025-08-19T16:49:01+00:00\" \/>\n<meta name=\"twitter:card\" content=\"summary_large_image\" \/>\n<meta name=\"twitter:label1\" content=\"Tempo estimado de leitura\" \/>\n\t<meta name=\"twitter:data1\" content=\"3 minutos\" \/>\n<script type=\"application\/ld+json\" class=\"yoast-schema-graph\">{\"@context\":\"https:\/\/schema.org\",\"@graph\":[{\"@type\":\"WebPage\",\"@id\":\"https:\/\/uhlala-events.com\/pt-pt\/services\/partialweddingplanning\/\",\"url\":\"https:\/\/uhlala-events.com\/pt-pt\/services\/partialweddingplanning\/\",\"name\":\"Planejamento Parcial - Uhlala Events\",\"isPartOf\":{\"@id\":\"https:\/\/uhlala-events.com\/pt-pt\/#website\"},\"datePublished\":\"2025-05-20T12:19:21+00:00\",\"dateModified\":\"2025-08-19T16:49:01+00:00\",\"description\":\"J\u00e1 come\u00e7ou a organizar seu casamento na It\u00e1lia? A UhLaLa entra com apoio parcial para finalizar detalhes e garantir uma celebra\u00e7\u00e3o perfeita.\",\"breadcrumb\":{\"@id\":\"https:\/\/uhlala-events.com\/pt-pt\/services\/partialweddingplanning\/#breadcrumb\"},\"inLanguage\":\"pt-PT\",\"potentialAction\":[{\"@type\":\"ReadAction\",\"target\":[\"https:\/\/uhlala-events.com\/pt-pt\/services\/partialweddingplanning\/\"]}]},{\"@type\":\"BreadcrumbList\",\"@id\":\"https:\/\/uhlala-events.com\/pt-pt\/services\/partialweddingplanning\/#breadcrumb\",\"itemListElement\":[{\"@type\":\"ListItem\",\"position\":1,\"name\":\"Home\",\"item\":\"https:\/\/uhlala-events.com\/pt-pt\/\"},{\"@type\":\"ListItem\",\"position\":2,\"name\":\"Servi\u00e7os\",\"item\":\"https:\/\/uhlala-events.com\/pt-pt\/services\/\"},{\"@type\":\"ListItem\",\"position\":3,\"name\":\"Planejamento Parcial\"}]},{\"@type\":\"WebSite\",\"@id\":\"https:\/\/uhlala-events.com\/pt-pt\/#website\",\"url\":\"https:\/\/uhlala-events.com\/pt-pt\/\",\"name\":\"Uhlala Events\",\"description\":\"Wedding Planner\",\"publisher\":{\"@id\":\"https:\/\/uhlala-events.com\/pt-pt\/#organization\"},\"potentialAction\":[{\"@type\":\"SearchAction\",\"target\":{\"@type\":\"EntryPoint\",\"urlTemplate\":\"https:\/\/uhlala-events.com\/pt-pt\/?s={search_term_string}\"},\"query-input\":{\"@type\":\"PropertyValueSpecification\",\"valueRequired\":true,\"valueName\":\"search_term_string\"}}],\"inLanguage\":\"pt-PT\"},{\"@type\":\"Organization\",\"@id\":\"https:\/\/uhlala-events.com\/pt-pt\/#organization\",\"name\":\"Uhlala Events\",\"url\":\"https:\/\/uhlala-events.com\/pt-pt\/\",\"logo\":{\"@type\":\"ImageObject\",\"inLanguage\":\"pt-PT\",\"@id\":\"https:\/\/uhlala-events.com\/pt-pt\/#\/schema\/logo\/image\/\",\"url\":\"https:\/\/uhlala-events.com\/wp-content\/uploads\/2025\/05\/favicon.png\",\"contentUrl\":\"https:\/\/uhlala-events.com\/wp-content\/uploads\/2025\/05\/favicon.png\",\"width\":512,\"height\":512,\"caption\":\"Uhlala Events\"},\"image\":{\"@id\":\"https:\/\/uhlala-events.com\/pt-pt\/#\/schema\/logo\/image\/\"},\"sameAs\":[\"https:\/\/www.instagram.com\/uhlalaweddingsitaly\/\"]}]}<\/script>\n<!-- \/ Yoast SEO plugin. -->","yoast_head_json":{"title":"Planejamento Parcial - Uhlala Events","description":"J\u00e1 come\u00e7ou a organizar seu casamento na It\u00e1lia? A UhLaLa entra com apoio parcial para finalizar detalhes e garantir uma celebra\u00e7\u00e3o perfeita.","robots":{"index":"index","follow":"follow","max-snippet":"max-snippet:-1","max-image-preview":"max-image-preview:large","max-video-preview":"max-video-preview:-1"},"canonical":"https:\/\/uhlala-events.com\/pt-pt\/services\/partialweddingplanning\/","og_locale":"pt_PT","og_type":"article","og_title":"Planejamento Parcial - Uhlala Events","og_description":"J\u00e1 come\u00e7ou a organizar seu casamento na It\u00e1lia? A UhLaLa entra com apoio parcial para finalizar detalhes e garantir uma celebra\u00e7\u00e3o perfeita.","og_url":"https:\/\/uhlala-events.com\/pt-pt\/services\/partialweddingplanning\/","og_site_name":"Uhlala Events","article_publisher":"https:\/\/www.instagram.com\/uhlalaweddingsitaly\/","article_modified_time":"2025-08-19T16:49:01+00:00","twitter_card":"summary_large_image","twitter_misc":{"Tempo estimado de leitura":"3 minutos"},"schema":{"@context":"https:\/\/schema.org","@graph":[{"@type":"WebPage","@id":"https:\/\/uhlala-events.com\/pt-pt\/services\/partialweddingplanning\/","url":"https:\/\/uhlala-events.com\/pt-pt\/services\/partialweddingplanning\/","name":"Planejamento Parcial - Uhlala Events","isPartOf":{"@id":"https:\/\/uhlala-events.com\/pt-pt\/#website"},"datePublished":"2025-05-20T12:19:21+00:00","dateModified":"2025-08-19T16:49:01+00:00","description":"J\u00e1 come\u00e7ou a organizar seu casamento na It\u00e1lia? A UhLaLa entra com apoio parcial para finalizar detalhes e garantir uma celebra\u00e7\u00e3o perfeita.","breadcrumb":{"@id":"https:\/\/uhlala-events.com\/pt-pt\/services\/partialweddingplanning\/#breadcrumb"},"inLanguage":"pt-PT","potentialAction":[{"@type":"ReadAction","target":["https:\/\/uhlala-events.com\/pt-pt\/services\/partialweddingplanning\/"]}]},{"@type":"BreadcrumbList","@id":"https:\/\/uhlala-events.com\/pt-pt\/services\/partialweddingplanning\/#breadcrumb","itemListElement":[{"@type":"ListItem","position":1,"name":"Home","item":"https:\/\/uhlala-events.com\/pt-pt\/"},{"@type":"ListItem","position":2,"name":"Servi\u00e7os","item":"https:\/\/uhlala-events.com\/pt-pt\/services\/"},{"@type":"ListItem","position":3,"name":"Planejamento Parcial"}]},{"@type":"WebSite","@id":"https:\/\/uhlala-events.com\/pt-pt\/#website","url":"https:\/\/uhlala-events.com\/pt-pt\/","name":"Uhlala Events","description":"Wedding Planner","publisher":{"@id":"https:\/\/uhlala-events.com\/pt-pt\/#organization"},"potentialAction":[{"@type":"SearchAction","target":{"@type":"EntryPoint","urlTemplate":"https:\/\/uhlala-events.com\/pt-pt\/?s={search_term_string}"},"query-input":{"@type":"PropertyValueSpecification","valueRequired":true,"valueName":"search_term_string"}}],"inLanguage":"pt-PT"},{"@type":"Organization","@id":"https:\/\/uhlala-events.com\/pt-pt\/#organization","name":"Uhlala Events","url":"https:\/\/uhlala-events.com\/pt-pt\/","logo":{"@type":"ImageObject","inLanguage":"pt-PT","@id":"https:\/\/uhlala-events.com\/pt-pt\/#\/schema\/logo\/image\/","url":"https:\/\/uhlala-events.com\/wp-content\/uploads\/2025\/05\/favicon.png","contentUrl":"https:\/\/uhlala-events.com\/wp-content\/uploads\/2025\/05\/favicon.png","width":512,"height":512,"caption":"Uhlala Events"},"image":{"@id":"https:\/\/uhlala-events.com\/pt-pt\/#\/schema\/logo\/image\/"},"sameAs":["https:\/\/www.instagram.com\/uhlalaweddingsitaly\/"]}]}},"_links":{"self":[{"href":"https:\/\/uhlala-events.com\/pt-pt\/wp-json\/wp\/v2\/pages\/1319","targetHints":{"allow":["GET"]}}],"collection":[{"href":"https:\/\/uhlala-events.com\/pt-pt\/wp-json\/wp\/v2\/pages"}],"about":[{"href":"https:\/\/uhlala-events.com\/pt-pt\/wp-json\/wp\/v2\/types\/page"}],"author":[{"embeddable":true,"href":"https:\/\/uhlala-events.com\/pt-pt\/wp-json\/wp\/v2\/users\/1"}],"replies":[{"embeddable":true,"href":"https:\/\/uhlala-events.com\/pt-pt\/wp-json\/wp\/v2\/comments?post=1319"}],"version-history":[{"count":2,"href":"https:\/\/uhlala-events.com\/pt-pt\/wp-json\/wp\/v2\/pages\/1319\/revisions"}],"predecessor-version":[{"id":1401,"href":"https:\/\/uhlala-events.com\/pt-pt\/wp-json\/wp\/v2\/pages\/1319\/revisions\/1401"}],"up":[{"embeddable":true,"href":"https:\/\/uhlala-events.com\/pt-pt\/wp-json\/wp\/v2\/pages\/1307"}],"wp:attachment":[{"href":"https:\/\/uhlala-events.com\/pt-pt\/wp-json\/wp\/v2\/media?parent=1319"}],"curies":[{"name":"wp","href":"https:\/\/api.w.org\/{rel}","templated":true}]}}