{"id":1352,"date":"2025-05-11T16:58:20","date_gmt":"2025-05-11T14:58:20","guid":{"rendered":"https:\/\/uhlala-events.com\/kind-words\/"},"modified":"2025-11-16T15:21:20","modified_gmt":"2025-11-16T14:21:20","slug":"kind-words","status":"publish","type":"page","link":"https:\/\/uhlala-events.com\/it\/kind-words\/","title":{"rendered":"Testimonianze"},"content":{"rendered":"<h3 data-start=\"2795\" data-end=\"2842\"><strong data-start=\"2795\" data-end=\"2842\">Mi hanno fatta sentire parte della famiglia<\/strong><\/h3>\n<p data-start=\"2844\" data-end=\"4035\">Quando la mia venue in Toscana mi ha consigliato Annick, non sapevo cosa aspettarmi e non pensavo nemmeno di aver davvero bisogno di una wedding planner. Ma dalla nostra prima videochiamata su FaceTime, Annick mi ha messa subito a mio agio e abbiamo creato un legame immediato. Durante tutta l\u2019organizzazione, la sua comunicazione \u00e8 stata perfetta e sempre puntuale, nonostante il fuso orario. Ogni volta che avevo una domanda, lei aveva la risposta \u2014 e quando non ce l\u2019aveva, la trovava e mi aggiornava subito.<br data-start=\"3355\" data-end=\"3358\" \/>In quel momento ho capito perfettamente perch\u00e9 una planner \u00e8 indispensabile, soprattutto per un matrimonio all\u2019estero. Annick faceva domande a cui non avrei mai pensato e si assicurava che il grande giorno andasse esattamente come lo desideravamo. Ha reso l\u2019idea di un matrimonio in Italia molto meno spaventosa, soprattutto nei mesi prima, pieni di dettagli finali.<br data-start=\"3724\" data-end=\"3727\" \/>Il giorno del matrimonio, Annick e Cecilia hanno fatto filare tutto liscio come l\u2019olio! Alla fine della serata, mi sono messa a piangere mentre le salutavo (dopo qualche drink \ud83d\ude02) perch\u00e9 mi hanno fatta sentire davvero come in famiglia. Raccomando vivamente UhLaLa Weddings per il vostro matrimonio in Italia!<\/p>\n<p data-start=\"4037\" data-end=\"4054\"><strong>\u2013 Nicole &amp; Ronnie<\/strong><\/p>\n<h3><\/h3>\n<h3><strong>Come organizzare il tuo matrimonio con la tua migliore amica italiana<\/strong><\/h3>\n<p>Il team di UhLaLa \u00e8 semplicemente fantastico! Sono cresciuta circondata da matrimoni, quindi avevo standard molto alti \u2014 e li hanno superati tutti.<br \/>\nPianificare un matrimonio a distanza sembrava un\u2019impresa difficile, ma UhLaLa ha reso tutto semplice e naturale.<br \/>\nAnnick ha gestito ogni dettaglio con calma e attenzione: dal coordinamento dei fornitori alla scaletta del giorno, permettendoci di goderci ogni momento.<br \/>\nTutto era ancora pi\u00f9 bello di quanto immaginassimo \u2014 i fiori, la musica, l\u2019atmosfera.<br \/>\nUhLaLa non \u00e8 solo un team straordinario di planner: sono persone che vorresti avere nella tua vita per sempre.<br \/>\nSe stai pianificando un matrimonio in Toscana, non pensarci due volte \u2014 inizia con UhLaLa!<br \/>\n\u2014 <strong>Clara &amp; Josh<\/strong><\/p>\n<p>&nbsp;<\/p>\n<h3><strong>Il giorno dei nostri sogni, reso realt\u00e0<\/strong><\/h3>\n<p>Non possiamo ringraziare abbastanza UhLaLa per aver reso il nostro matrimonio in Italia cos\u00ec magico e semplice.<br \/>\nFin dalla prima chiamata, Annick \u00e8 stata calorosa, attenta e ha capito subito la nostra visione.<br \/>\nHa gestito tutta la logistica, scelto i fornitori perfetti e aggiunto cuore e stile all\u2019intero evento.<br \/>\nMa ci\u00f2 che ci ha colpito di pi\u00f9 \u00e8 stato quanto profondamente si sia coinvolta.<br \/>\nPer lei non era solo organizzare un evento \u2014 era partecipare alla nostra gioia, e questo si \u00e8 visto in ogni dettaglio.<br \/>\nOrganizzare un matrimonio dalla California avrebbe potuto essere stressante, ma con Annick \u00e8 stato divertente e sempre sotto controllo.<br \/>\nSe sognate un matrimonio in Italia, lei \u00e8 la persona da avere accanto.<br \/>\n\u2014 <strong>Sonia &amp; Mark<\/strong><\/p>\n<h3><\/h3>\n<h3><strong>Il segreto per un matrimonio senza stress in Italia<\/strong><\/h3>\n<p>UhLaLa ha reso il nostro weekend di nozze in Italia completamente senza stress \u2014 e sinceramente divertente.<br \/>\nSin dal primo momento, Annick \u00e8 stata organizzata, premurosa e sempre tre passi avanti.<br \/>\nEssendo una coppia a distanza, eravamo un po\u2019 ansiosi, ma Annick ha gestito tutto con precisione e cuore.<br \/>\nNon \u00e8 stata solo una wedding planner \u2014 \u00e8 stata il nostro punto di riferimento, la nostra calma e il motivo per cui abbiamo potuto goderci ogni momento con i nostri cari.<br \/>\nSinceramente, non possiamo immaginare il nostro matrimonio senza UhLaLa.<br \/>\nSe stai pianificando dall\u2019estero, fallo con UhLaLa.<br \/>\n\u2014 <strong>Jessica &amp; St\u00e9phane<\/strong><\/p>\n","protected":false},"excerpt":{"rendered":"<p>Mi hanno fatta sentire parte della famiglia Quando la mia venue in Toscana mi ha consigliato Annick, non sapevo cosa aspettarmi e non pensavo nemmeno di aver davvero bisogno di una wedding planner. Ma dalla nostra prima videochiamata su FaceTime, Annick mi ha messa subito a mio agio e abbiamo creato un legame immediato. Durante [&#8230;]<\/p>\n","protected":false},"author":1,"featured_media":0,"parent":0,"menu_order":0,"comment_status":"closed","ping_status":"closed","template":"","meta":{"_acf_changed":false,"inline_featured_image":false,"_joinchat":[],"footnotes":""},"class_list":["post-1352","page","type-page","status-publish","hentry"],"acf":[],"yoast_head":"<!-- This site is optimized with the Yoast SEO plugin v26.6 - https:\/\/yoast.com\/wordpress\/plugins\/seo\/ -->\n<title>Testimonianze - Uhlala Events<\/title>\n<meta name=\"description\" content=\"Leggi cosa dicono le coppie che hanno celebrato il loro matrimonio con UhLaLa in Toscana e Puglia. Emozioni vere, ricordi indimenticabili.\" \/>\n<meta name=\"robots\" content=\"index, follow, max-snippet:-1, max-image-preview:large, max-video-preview:-1\" \/>\n<link rel=\"canonical\" href=\"https:\/\/uhlala-events.com\/it\/kind-words\/\" \/>\n<meta property=\"og:locale\" content=\"it_IT\" \/>\n<meta property=\"og:type\" content=\"article\" \/>\n<meta property=\"og:title\" content=\"Testimonianze - Uhlala Events\" \/>\n<meta property=\"og:description\" content=\"Leggi cosa dicono le coppie che hanno celebrato il loro matrimonio con UhLaLa in Toscana e Puglia. Emozioni vere, ricordi indimenticabili.\" \/>\n<meta property=\"og:url\" content=\"https:\/\/uhlala-events.com\/it\/kind-words\/\" \/>\n<meta property=\"og:site_name\" content=\"Uhlala Events\" \/>\n<meta property=\"article:publisher\" content=\"https:\/\/www.instagram.com\/uhlalaweddingsitaly\/\" \/>\n<meta property=\"article:modified_time\" content=\"2025-11-16T14:21:20+00:00\" \/>\n<meta name=\"twitter:card\" content=\"summary_large_image\" \/>\n<meta name=\"twitter:label1\" content=\"Tempo di lettura stimato\" \/>\n\t<meta name=\"twitter:data1\" content=\"3 minuti\" \/>\n<script type=\"application\/ld+json\" class=\"yoast-schema-graph\">{\"@context\":\"https:\/\/schema.org\",\"@graph\":[{\"@type\":\"WebPage\",\"@id\":\"https:\/\/uhlala-events.com\/it\/kind-words\/\",\"url\":\"https:\/\/uhlala-events.com\/it\/kind-words\/\",\"name\":\"Testimonianze - Uhlala Events\",\"isPartOf\":{\"@id\":\"https:\/\/uhlala-events.com\/it\/#website\"},\"datePublished\":\"2025-05-11T14:58:20+00:00\",\"dateModified\":\"2025-11-16T14:21:20+00:00\",\"description\":\"Leggi cosa dicono le coppie che hanno celebrato il loro matrimonio con UhLaLa in Toscana e Puglia. Emozioni vere, ricordi indimenticabili.\",\"breadcrumb\":{\"@id\":\"https:\/\/uhlala-events.com\/it\/kind-words\/#breadcrumb\"},\"inLanguage\":\"it-IT\",\"potentialAction\":[{\"@type\":\"ReadAction\",\"target\":[\"https:\/\/uhlala-events.com\/it\/kind-words\/\"]}]},{\"@type\":\"BreadcrumbList\",\"@id\":\"https:\/\/uhlala-events.com\/it\/kind-words\/#breadcrumb\",\"itemListElement\":[{\"@type\":\"ListItem\",\"position\":1,\"name\":\"Home\",\"item\":\"https:\/\/uhlala-events.com\/it\/\"},{\"@type\":\"ListItem\",\"position\":2,\"name\":\"Testimonianze\"}]},{\"@type\":\"WebSite\",\"@id\":\"https:\/\/uhlala-events.com\/it\/#website\",\"url\":\"https:\/\/uhlala-events.com\/it\/\",\"name\":\"Uhlala Events\",\"description\":\"Wedding Planner\",\"publisher\":{\"@id\":\"https:\/\/uhlala-events.com\/it\/#organization\"},\"potentialAction\":[{\"@type\":\"SearchAction\",\"target\":{\"@type\":\"EntryPoint\",\"urlTemplate\":\"https:\/\/uhlala-events.com\/it\/?s={search_term_string}\"},\"query-input\":{\"@type\":\"PropertyValueSpecification\",\"valueRequired\":true,\"valueName\":\"search_term_string\"}}],\"inLanguage\":\"it-IT\"},{\"@type\":\"Organization\",\"@id\":\"https:\/\/uhlala-events.com\/it\/#organization\",\"name\":\"Uhlala Events\",\"url\":\"https:\/\/uhlala-events.com\/it\/\",\"logo\":{\"@type\":\"ImageObject\",\"inLanguage\":\"it-IT\",\"@id\":\"https:\/\/uhlala-events.com\/it\/#\/schema\/logo\/image\/\",\"url\":\"https:\/\/uhlala-events.com\/wp-content\/uploads\/2025\/05\/favicon.png\",\"contentUrl\":\"https:\/\/uhlala-events.com\/wp-content\/uploads\/2025\/05\/favicon.png\",\"width\":512,\"height\":512,\"caption\":\"Uhlala Events\"},\"image\":{\"@id\":\"https:\/\/uhlala-events.com\/it\/#\/schema\/logo\/image\/\"},\"sameAs\":[\"https:\/\/www.instagram.com\/uhlalaweddingsitaly\/\"]}]}<\/script>\n<!-- \/ Yoast SEO plugin. -->","yoast_head_json":{"title":"Testimonianze - Uhlala Events","description":"Leggi cosa dicono le coppie che hanno celebrato il loro matrimonio con UhLaLa in Toscana e Puglia. Emozioni vere, ricordi indimenticabili.","robots":{"index":"index","follow":"follow","max-snippet":"max-snippet:-1","max-image-preview":"max-image-preview:large","max-video-preview":"max-video-preview:-1"},"canonical":"https:\/\/uhlala-events.com\/it\/kind-words\/","og_locale":"it_IT","og_type":"article","og_title":"Testimonianze - Uhlala Events","og_description":"Leggi cosa dicono le coppie che hanno celebrato il loro matrimonio con UhLaLa in Toscana e Puglia. Emozioni vere, ricordi indimenticabili.","og_url":"https:\/\/uhlala-events.com\/it\/kind-words\/","og_site_name":"Uhlala Events","article_publisher":"https:\/\/www.instagram.com\/uhlalaweddingsitaly\/","article_modified_time":"2025-11-16T14:21:20+00:00","twitter_card":"summary_large_image","twitter_misc":{"Tempo di lettura stimato":"3 minuti"},"schema":{"@context":"https:\/\/schema.org","@graph":[{"@type":"WebPage","@id":"https:\/\/uhlala-events.com\/it\/kind-words\/","url":"https:\/\/uhlala-events.com\/it\/kind-words\/","name":"Testimonianze - Uhlala Events","isPartOf":{"@id":"https:\/\/uhlala-events.com\/it\/#website"},"datePublished":"2025-05-11T14:58:20+00:00","dateModified":"2025-11-16T14:21:20+00:00","description":"Leggi cosa dicono le coppie che hanno celebrato il loro matrimonio con UhLaLa in Toscana e Puglia. Emozioni vere, ricordi indimenticabili.","breadcrumb":{"@id":"https:\/\/uhlala-events.com\/it\/kind-words\/#breadcrumb"},"inLanguage":"it-IT","potentialAction":[{"@type":"ReadAction","target":["https:\/\/uhlala-events.com\/it\/kind-words\/"]}]},{"@type":"BreadcrumbList","@id":"https:\/\/uhlala-events.com\/it\/kind-words\/#breadcrumb","itemListElement":[{"@type":"ListItem","position":1,"name":"Home","item":"https:\/\/uhlala-events.com\/it\/"},{"@type":"ListItem","position":2,"name":"Testimonianze"}]},{"@type":"WebSite","@id":"https:\/\/uhlala-events.com\/it\/#website","url":"https:\/\/uhlala-events.com\/it\/","name":"Uhlala Events","description":"Wedding Planner","publisher":{"@id":"https:\/\/uhlala-events.com\/it\/#organization"},"potentialAction":[{"@type":"SearchAction","target":{"@type":"EntryPoint","urlTemplate":"https:\/\/uhlala-events.com\/it\/?s={search_term_string}"},"query-input":{"@type":"PropertyValueSpecification","valueRequired":true,"valueName":"search_term_string"}}],"inLanguage":"it-IT"},{"@type":"Organization","@id":"https:\/\/uhlala-events.com\/it\/#organization","name":"Uhlala Events","url":"https:\/\/uhlala-events.com\/it\/","logo":{"@type":"ImageObject","inLanguage":"it-IT","@id":"https:\/\/uhlala-events.com\/it\/#\/schema\/logo\/image\/","url":"https:\/\/uhlala-events.com\/wp-content\/uploads\/2025\/05\/favicon.png","contentUrl":"https:\/\/uhlala-events.com\/wp-content\/uploads\/2025\/05\/favicon.png","width":512,"height":512,"caption":"Uhlala Events"},"image":{"@id":"https:\/\/uhlala-events.com\/it\/#\/schema\/logo\/image\/"},"sameAs":["https:\/\/www.instagram.com\/uhlalaweddingsitaly\/"]}]}},"_links":{"self":[{"href":"https:\/\/uhlala-events.com\/it\/wp-json\/wp\/v2\/pages\/1352","targetHints":{"allow":["GET"]}}],"collection":[{"href":"https:\/\/uhlala-events.com\/it\/wp-json\/wp\/v2\/pages"}],"about":[{"href":"https:\/\/uhlala-events.com\/it\/wp-json\/wp\/v2\/types\/page"}],"author":[{"embeddable":true,"href":"https:\/\/uhlala-events.com\/it\/wp-json\/wp\/v2\/users\/1"}],"replies":[{"embeddable":true,"href":"https:\/\/uhlala-events.com\/it\/wp-json\/wp\/v2\/comments?post=1352"}],"version-history":[{"count":4,"href":"https:\/\/uhlala-events.com\/it\/wp-json\/wp\/v2\/pages\/1352\/revisions"}],"predecessor-version":[{"id":1941,"href":"https:\/\/uhlala-events.com\/it\/wp-json\/wp\/v2\/pages\/1352\/revisions\/1941"}],"wp:attachment":[{"href":"https:\/\/uhlala-events.com\/it\/wp-json\/wp\/v2\/media?parent=1352"}],"curies":[{"name":"wp","href":"https:\/\/api.w.org\/{rel}","templated":true}]}}