{"id":1371,"date":"2025-05-11T13:58:30","date_gmt":"2025-05-11T11:58:30","guid":{"rendered":"https:\/\/uhlala-events.com\/privacy-policy\/"},"modified":"2025-07-23T17:08:23","modified_gmt":"2025-07-23T15:08:23","slug":"privacy-policy","status":"publish","type":"page","link":"https:\/\/uhlala-events.com\/fr\/privacy-policy\/","title":{"rendered":"Politique de Confidentialit\u00e9"},"content":{"rendered":"<p data-start=\"2579\" data-end=\"2774\"><strong data-start=\"2579\" data-end=\"2626\">Qui sommes-nous et comment nous contacter :<\/strong><br data-start=\"2626\" data-end=\"2629\" \/>UhLaLa Weddings &amp; Events (Annick Labont\u00e9 et Cecilia Lami) g\u00e8re ce site internet. Notre adresse email de contact est : <strong data-start=\"2747\" data-end=\"2774\"><a class=\"cursor-pointer\" rel=\"noopener\" data-start=\"2749\" data-end=\"2772\">hello@uhlala-events.com<\/a><\/strong><\/p>\n<p data-start=\"2776\" data-end=\"2866\"><strong data-start=\"2776\" data-end=\"2800\">Donn\u00e9es collect\u00e9es :<\/strong><br data-start=\"2800\" data-end=\"2803\" \/>Nous recueillons les types de donn\u00e9es personnelles suivants :<\/p>\n<ul data-start=\"2867\" data-end=\"3169\">\n<li data-start=\"2867\" data-end=\"2996\">\n<p data-start=\"2869\" data-end=\"2996\"><strong data-start=\"2869\" data-end=\"2907\">Cookies et donn\u00e9es d\u2019utilisation :<\/strong> informations sur la fa\u00e7on dont vous utilisez notre site pour nous aider \u00e0 l\u2019am\u00e9liorer.<\/p>\n<\/li>\n<li data-start=\"2997\" data-end=\"3169\">\n<p data-start=\"2999\" data-end=\"3169\"><strong data-start=\"2999\" data-end=\"3028\">Informations de contact :<\/strong> si vous nous contactez via un formulaire, nous recueillons votre nom, adresse email et num\u00e9ro de t\u00e9l\u00e9phone afin de r\u00e9pondre \u00e0 votre demande.<\/p>\n<\/li>\n<\/ul>\n<p data-start=\"3171\" data-end=\"3238\"><strong data-start=\"3171\" data-end=\"3200\">Utilisation des donn\u00e9es :<\/strong><br data-start=\"3200\" data-end=\"3203\" \/>Nous utilisons vos donn\u00e9es pour :<\/p>\n<ul data-start=\"3239\" data-end=\"3422\">\n<li data-start=\"3239\" data-end=\"3312\">\n<p data-start=\"3241\" data-end=\"3312\">R\u00e9pondre \u00e0 vos demandes et fournir des informations sur nos services.<\/p>\n<\/li>\n<li data-start=\"3313\" data-end=\"3422\">\n<p data-start=\"3315\" data-end=\"3422\">Analyser le trafic du site et le comportement des utilisateurs afin d&rsquo;am\u00e9liorer notre site et nos services.<\/p>\n<\/li>\n<\/ul>\n<p data-start=\"3424\" data-end=\"3647\"><strong data-start=\"3424\" data-end=\"3449\">Partage des donn\u00e9es :<\/strong><br data-start=\"3449\" data-end=\"3452\" \/>Nous pouvons partager vos donn\u00e9es avec des prestataires tiers de confiance (tels que l\u2019h\u00e9bergement web et les services d\u2019analyse) qui nous aident \u00e0 exploiter notre site et \u00e0 fournir nos services.<\/p>\n<p data-start=\"3649\" data-end=\"3693\"><strong data-start=\"3649\" data-end=\"3665\">Vos droits :<\/strong><br data-start=\"3665\" data-end=\"3668\" \/>Vous avez le droit de :<\/p>\n<ul data-start=\"3694\" data-end=\"4064\">\n<li data-start=\"3694\" data-end=\"3732\">\n<p data-start=\"3696\" data-end=\"3732\">Acc\u00e9der \u00e0 vos donn\u00e9es personnelles<\/p>\n<\/li>\n<li data-start=\"3733\" data-end=\"3763\">\n<p data-start=\"3735\" data-end=\"3763\">Corriger les inexactitudes<\/p>\n<\/li>\n<li data-start=\"3764\" data-end=\"3806\">\n<p data-start=\"3766\" data-end=\"3806\">Demander la suppression de vos donn\u00e9es<\/p>\n<\/li>\n<li data-start=\"3807\" data-end=\"3866\">\n<p data-start=\"3809\" data-end=\"3866\">Vous opposer au traitement dans certaines circonstances<\/p>\n<\/li>\n<li data-start=\"3867\" data-end=\"3911\">\n<p data-start=\"3869\" data-end=\"3911\">Retirer votre consentement si applicable<\/p>\n<\/li>\n<li data-start=\"3912\" data-end=\"4064\">\n<p data-start=\"3914\" data-end=\"4064\">D\u00e9poser une plainte aupr\u00e8s d\u2019une autorit\u00e9 de protection des donn\u00e9es<br data-start=\"3981\" data-end=\"3984\" \/>Pour exercer ces droits, veuillez nous contacter \u00e0 l\u2019adresse indiqu\u00e9e ci-dessus.<\/p>\n<\/li>\n<\/ul>\n<p data-start=\"4066\" data-end=\"4243\"><strong data-start=\"4066\" data-end=\"4105\">Dur\u00e9e de conservation des donn\u00e9es :<\/strong><br data-start=\"4105\" data-end=\"4108\" \/>Nous conservons vos donn\u00e9es personnelles uniquement le temps n\u00e9cessaire aux finalit\u00e9s pr\u00e9vues ou pour r\u00e9pondre aux obligations l\u00e9gales.<\/p>\n<p data-start=\"4245\" data-end=\"4374\"><strong data-start=\"4245\" data-end=\"4258\">Cookies :<\/strong><br data-start=\"4258\" data-end=\"4261\" \/>Notre site utilise des cookies. Veuillez consulter notre politique relative aux cookies pour plus d&rsquo;informations.<\/p>\n<p data-start=\"4376\" data-end=\"4561\"><strong data-start=\"4376\" data-end=\"4413\">Mises \u00e0 jour de cette politique :<\/strong><br data-start=\"4413\" data-end=\"4416\" \/>Nous pouvons mettre \u00e0 jour cette politique de confidentialit\u00e9 de temps en temps. Nous vous informerons des changements importants via notre site.<\/p>\n<p data-start=\"4563\" data-end=\"4802\"><strong data-start=\"4563\" data-end=\"4594\">Base l\u00e9gale du traitement :<\/strong><br data-start=\"4594\" data-end=\"4597\" \/>Nous traitons vos donn\u00e9es sur la base de votre consentement (lorsque vous nous contactez), de nos int\u00e9r\u00eats l\u00e9gitimes \u00e0 exploiter et am\u00e9liorer nos services, et pour respecter nos obligations contractuelles.<\/p>\n<p data-start=\"4804\" data-end=\"4999\"><strong data-start=\"4804\" data-end=\"4844\">Transfert international de donn\u00e9es :<\/strong><br data-start=\"4844\" data-end=\"4847\" \/>Vos donn\u00e9es peuvent \u00eatre transf\u00e9r\u00e9es et trait\u00e9es dans des pays en dehors du v\u00f4tre. Nous prendrons les mesures appropri\u00e9es pour garantir leur protection.<\/p>\n","protected":false},"excerpt":{"rendered":"<p>Qui sommes-nous et comment nous contacter :UhLaLa Weddings &amp; Events (Annick Labont\u00e9 et Cecilia Lami) g\u00e8re ce site internet. Notre adresse email de contact est : hello@uhlala-events.com Donn\u00e9es collect\u00e9es :Nous recueillons les types de donn\u00e9es personnelles suivants : Cookies et donn\u00e9es d\u2019utilisation : informations sur la fa\u00e7on dont vous utilisez notre site pour nous aider [&#8230;]<\/p>\n","protected":false},"author":1,"featured_media":0,"parent":0,"menu_order":0,"comment_status":"closed","ping_status":"closed","template":"","meta":{"_acf_changed":false,"inline_featured_image":false,"_joinchat":[],"footnotes":""},"class_list":["post-1371","page","type-page","status-publish","hentry"],"acf":[],"yoast_head":"<!-- This site is optimized with the Yoast SEO plugin v26.6 - https:\/\/yoast.com\/wordpress\/plugins\/seo\/ -->\n<title>Politique de Confidentialit\u00e9 - Uhlala Events<\/title>\n<meta name=\"robots\" content=\"index, follow, max-snippet:-1, max-image-preview:large, max-video-preview:-1\" \/>\n<link rel=\"canonical\" href=\"https:\/\/uhlala-events.com\/fr\/privacy-policy\/\" \/>\n<meta property=\"og:locale\" content=\"fr_FR\" \/>\n<meta property=\"og:type\" content=\"article\" \/>\n<meta property=\"og:title\" content=\"Politique de Confidentialit\u00e9 - Uhlala Events\" \/>\n<meta property=\"og:description\" content=\"Qui sommes-nous et comment nous contacter :UhLaLa Weddings &amp; Events (Annick Labont\u00e9 et Cecilia Lami) g\u00e8re ce site internet. Notre adresse email de contact est : hello@uhlala-events.com Donn\u00e9es collect\u00e9es :Nous recueillons les types de donn\u00e9es personnelles suivants : Cookies et donn\u00e9es d\u2019utilisation : informations sur la fa\u00e7on dont vous utilisez notre site pour nous aider [...]\" \/>\n<meta property=\"og:url\" content=\"https:\/\/uhlala-events.com\/fr\/privacy-policy\/\" \/>\n<meta property=\"og:site_name\" content=\"Uhlala Events\" \/>\n<meta property=\"article:publisher\" content=\"https:\/\/www.instagram.com\/uhlalaweddingsitaly\/\" \/>\n<meta property=\"article:modified_time\" content=\"2025-07-23T15:08:23+00:00\" \/>\n<meta name=\"twitter:card\" content=\"summary_large_image\" \/>\n<meta name=\"twitter:label1\" content=\"Dur\u00e9e de lecture estim\u00e9e\" \/>\n\t<meta name=\"twitter:data1\" content=\"2 minutes\" \/>\n<script type=\"application\/ld+json\" class=\"yoast-schema-graph\">{\"@context\":\"https:\/\/schema.org\",\"@graph\":[{\"@type\":\"WebPage\",\"@id\":\"https:\/\/uhlala-events.com\/fr\/privacy-policy\/\",\"url\":\"https:\/\/uhlala-events.com\/fr\/privacy-policy\/\",\"name\":\"Politique de Confidentialit\u00e9 - Uhlala Events\",\"isPartOf\":{\"@id\":\"https:\/\/uhlala-events.com\/fr\/#website\"},\"datePublished\":\"2025-05-11T11:58:30+00:00\",\"dateModified\":\"2025-07-23T15:08:23+00:00\",\"breadcrumb\":{\"@id\":\"https:\/\/uhlala-events.com\/fr\/privacy-policy\/#breadcrumb\"},\"inLanguage\":\"fr-FR\",\"potentialAction\":[{\"@type\":\"ReadAction\",\"target\":[\"https:\/\/uhlala-events.com\/fr\/privacy-policy\/\"]}]},{\"@type\":\"BreadcrumbList\",\"@id\":\"https:\/\/uhlala-events.com\/fr\/privacy-policy\/#breadcrumb\",\"itemListElement\":[{\"@type\":\"ListItem\",\"position\":1,\"name\":\"Home\",\"item\":\"https:\/\/uhlala-events.com\/fr\/\"},{\"@type\":\"ListItem\",\"position\":2,\"name\":\"Politique de Confidentialit\u00e9\"}]},{\"@type\":\"WebSite\",\"@id\":\"https:\/\/uhlala-events.com\/fr\/#website\",\"url\":\"https:\/\/uhlala-events.com\/fr\/\",\"name\":\"Uhlala Events\",\"description\":\"Wedding Planner\",\"publisher\":{\"@id\":\"https:\/\/uhlala-events.com\/fr\/#organization\"},\"potentialAction\":[{\"@type\":\"SearchAction\",\"target\":{\"@type\":\"EntryPoint\",\"urlTemplate\":\"https:\/\/uhlala-events.com\/fr\/?s={search_term_string}\"},\"query-input\":{\"@type\":\"PropertyValueSpecification\",\"valueRequired\":true,\"valueName\":\"search_term_string\"}}],\"inLanguage\":\"fr-FR\"},{\"@type\":\"Organization\",\"@id\":\"https:\/\/uhlala-events.com\/fr\/#organization\",\"name\":\"Uhlala Events\",\"url\":\"https:\/\/uhlala-events.com\/fr\/\",\"logo\":{\"@type\":\"ImageObject\",\"inLanguage\":\"fr-FR\",\"@id\":\"https:\/\/uhlala-events.com\/fr\/#\/schema\/logo\/image\/\",\"url\":\"https:\/\/uhlala-events.com\/wp-content\/uploads\/2025\/05\/favicon.png\",\"contentUrl\":\"https:\/\/uhlala-events.com\/wp-content\/uploads\/2025\/05\/favicon.png\",\"width\":512,\"height\":512,\"caption\":\"Uhlala Events\"},\"image\":{\"@id\":\"https:\/\/uhlala-events.com\/fr\/#\/schema\/logo\/image\/\"},\"sameAs\":[\"https:\/\/www.instagram.com\/uhlalaweddingsitaly\/\"]}]}<\/script>\n<!-- \/ Yoast SEO plugin. -->","yoast_head_json":{"title":"Politique de Confidentialit\u00e9 - Uhlala Events","robots":{"index":"index","follow":"follow","max-snippet":"max-snippet:-1","max-image-preview":"max-image-preview:large","max-video-preview":"max-video-preview:-1"},"canonical":"https:\/\/uhlala-events.com\/fr\/privacy-policy\/","og_locale":"fr_FR","og_type":"article","og_title":"Politique de Confidentialit\u00e9 - Uhlala Events","og_description":"Qui sommes-nous et comment nous contacter :UhLaLa Weddings &amp; Events (Annick Labont\u00e9 et Cecilia Lami) g\u00e8re ce site internet. Notre adresse email de contact est : hello@uhlala-events.com Donn\u00e9es collect\u00e9es :Nous recueillons les types de donn\u00e9es personnelles suivants : Cookies et donn\u00e9es d\u2019utilisation : informations sur la fa\u00e7on dont vous utilisez notre site pour nous aider [...]","og_url":"https:\/\/uhlala-events.com\/fr\/privacy-policy\/","og_site_name":"Uhlala Events","article_publisher":"https:\/\/www.instagram.com\/uhlalaweddingsitaly\/","article_modified_time":"2025-07-23T15:08:23+00:00","twitter_card":"summary_large_image","twitter_misc":{"Dur\u00e9e de lecture estim\u00e9e":"2 minutes"},"schema":{"@context":"https:\/\/schema.org","@graph":[{"@type":"WebPage","@id":"https:\/\/uhlala-events.com\/fr\/privacy-policy\/","url":"https:\/\/uhlala-events.com\/fr\/privacy-policy\/","name":"Politique de Confidentialit\u00e9 - Uhlala Events","isPartOf":{"@id":"https:\/\/uhlala-events.com\/fr\/#website"},"datePublished":"2025-05-11T11:58:30+00:00","dateModified":"2025-07-23T15:08:23+00:00","breadcrumb":{"@id":"https:\/\/uhlala-events.com\/fr\/privacy-policy\/#breadcrumb"},"inLanguage":"fr-FR","potentialAction":[{"@type":"ReadAction","target":["https:\/\/uhlala-events.com\/fr\/privacy-policy\/"]}]},{"@type":"BreadcrumbList","@id":"https:\/\/uhlala-events.com\/fr\/privacy-policy\/#breadcrumb","itemListElement":[{"@type":"ListItem","position":1,"name":"Home","item":"https:\/\/uhlala-events.com\/fr\/"},{"@type":"ListItem","position":2,"name":"Politique de Confidentialit\u00e9"}]},{"@type":"WebSite","@id":"https:\/\/uhlala-events.com\/fr\/#website","url":"https:\/\/uhlala-events.com\/fr\/","name":"Uhlala Events","description":"Wedding Planner","publisher":{"@id":"https:\/\/uhlala-events.com\/fr\/#organization"},"potentialAction":[{"@type":"SearchAction","target":{"@type":"EntryPoint","urlTemplate":"https:\/\/uhlala-events.com\/fr\/?s={search_term_string}"},"query-input":{"@type":"PropertyValueSpecification","valueRequired":true,"valueName":"search_term_string"}}],"inLanguage":"fr-FR"},{"@type":"Organization","@id":"https:\/\/uhlala-events.com\/fr\/#organization","name":"Uhlala Events","url":"https:\/\/uhlala-events.com\/fr\/","logo":{"@type":"ImageObject","inLanguage":"fr-FR","@id":"https:\/\/uhlala-events.com\/fr\/#\/schema\/logo\/image\/","url":"https:\/\/uhlala-events.com\/wp-content\/uploads\/2025\/05\/favicon.png","contentUrl":"https:\/\/uhlala-events.com\/wp-content\/uploads\/2025\/05\/favicon.png","width":512,"height":512,"caption":"Uhlala Events"},"image":{"@id":"https:\/\/uhlala-events.com\/fr\/#\/schema\/logo\/image\/"},"sameAs":["https:\/\/www.instagram.com\/uhlalaweddingsitaly\/"]}]}},"_links":{"self":[{"href":"https:\/\/uhlala-events.com\/fr\/wp-json\/wp\/v2\/pages\/1371","targetHints":{"allow":["GET"]}}],"collection":[{"href":"https:\/\/uhlala-events.com\/fr\/wp-json\/wp\/v2\/pages"}],"about":[{"href":"https:\/\/uhlala-events.com\/fr\/wp-json\/wp\/v2\/types\/page"}],"author":[{"embeddable":true,"href":"https:\/\/uhlala-events.com\/fr\/wp-json\/wp\/v2\/users\/1"}],"replies":[{"embeddable":true,"href":"https:\/\/uhlala-events.com\/fr\/wp-json\/wp\/v2\/comments?post=1371"}],"version-history":[{"count":1,"href":"https:\/\/uhlala-events.com\/fr\/wp-json\/wp\/v2\/pages\/1371\/revisions"}],"predecessor-version":[{"id":1375,"href":"https:\/\/uhlala-events.com\/fr\/wp-json\/wp\/v2\/pages\/1371\/revisions\/1375"}],"wp:attachment":[{"href":"https:\/\/uhlala-events.com\/fr\/wp-json\/wp\/v2\/media?parent=1371"}],"curies":[{"name":"wp","href":"https:\/\/api.w.org\/{rel}","templated":true}]}}