{"id":1360,"date":"2025-05-11T19:35:21","date_gmt":"2025-05-11T17:35:21","guid":{"rendered":"https:\/\/uhlala-events.com\/our-philosophy\/"},"modified":"2025-07-23T16:54:15","modified_gmt":"2025-07-23T14:54:15","slug":"our-philosophy","status":"publish","type":"page","link":"https:\/\/uhlala-events.com\/fr\/our-philosophy\/","title":{"rendered":"Notre philosophie"},"content":{"rendered":"<p>Nous r\u00e9unissons un <strong>\u00e9quilibre harmonieux entre cr\u00e9ativit\u00e9, rigueur et sensibilit\u00e9 culturelle<\/strong>, pour que chaque mariage soit une c\u00e9l\u00e9bration v\u00e9ritablement unique.<\/p>\n<p>Chez <strong>UhLaLa<\/strong>, nous croyons qu\u2019un mariage ne se r\u00e9sume pas \u00e0 une seule journ\u00e9e : c\u2019est <strong>un voyage \u00e9motionnel, culturel, fait de souvenirs inoubliables.<\/strong><br \/>\nNotre mission est de cr\u00e9er une <strong>exp\u00e9rience immersive<\/strong> de 2 \u00e0 3 jours, o\u00f9 vous et vos invit\u00e9s pouvez c\u00e9l\u00e9brer l\u2019amour au c\u0153ur de l\u2019Italie, <strong>entour\u00e9s de paysages sublimes, d\u2019une cuisine exquise et de traditions authentiques.<\/strong><\/p>\n","protected":false},"excerpt":{"rendered":"<p>Nous r\u00e9unissons un \u00e9quilibre harmonieux entre cr\u00e9ativit\u00e9, rigueur et sensibilit\u00e9 culturelle, pour que chaque mariage soit une c\u00e9l\u00e9bration v\u00e9ritablement unique. Chez UhLaLa, nous croyons qu\u2019un mariage ne se r\u00e9sume pas \u00e0 une seule journ\u00e9e : c\u2019est un voyage \u00e9motionnel, culturel, fait de souvenirs inoubliables. Notre mission est de cr\u00e9er une exp\u00e9rience immersive de 2 \u00e0 [&#8230;]<\/p>\n","protected":false},"author":1,"featured_media":0,"parent":0,"menu_order":0,"comment_status":"closed","ping_status":"closed","template":"","meta":{"_acf_changed":false,"inline_featured_image":false,"_joinchat":[],"footnotes":""},"class_list":["post-1360","page","type-page","status-publish","hentry"],"acf":[],"yoast_head":"<!-- This site is optimized with the Yoast SEO plugin v26.6 - https:\/\/yoast.com\/wordpress\/plugins\/seo\/ -->\n<title>Notre philosophie - Uhlala Events<\/title>\n<meta name=\"robots\" content=\"index, follow, max-snippet:-1, max-image-preview:large, max-video-preview:-1\" \/>\n<link rel=\"canonical\" href=\"https:\/\/uhlala-events.com\/fr\/our-philosophy\/\" \/>\n<meta property=\"og:locale\" content=\"fr_FR\" \/>\n<meta property=\"og:type\" content=\"article\" \/>\n<meta property=\"og:title\" content=\"Notre philosophie - Uhlala Events\" \/>\n<meta property=\"og:description\" content=\"Nous r\u00e9unissons un \u00e9quilibre harmonieux entre cr\u00e9ativit\u00e9, rigueur et sensibilit\u00e9 culturelle, pour que chaque mariage soit une c\u00e9l\u00e9bration v\u00e9ritablement unique. Chez UhLaLa, nous croyons qu\u2019un mariage ne se r\u00e9sume pas \u00e0 une seule journ\u00e9e : c\u2019est un voyage \u00e9motionnel, culturel, fait de souvenirs inoubliables. Notre mission est de cr\u00e9er une exp\u00e9rience immersive de 2 \u00e0 [...]\" \/>\n<meta property=\"og:url\" content=\"https:\/\/uhlala-events.com\/fr\/our-philosophy\/\" \/>\n<meta property=\"og:site_name\" content=\"Uhlala Events\" \/>\n<meta property=\"article:publisher\" content=\"https:\/\/www.instagram.com\/uhlalaweddingsitaly\/\" \/>\n<meta property=\"article:modified_time\" content=\"2025-07-23T14:54:15+00:00\" \/>\n<meta name=\"twitter:card\" content=\"summary_large_image\" \/>\n<meta name=\"twitter:label1\" content=\"Dur\u00e9e de lecture estim\u00e9e\" \/>\n\t<meta name=\"twitter:data1\" content=\"1 minute\" \/>\n<script type=\"application\/ld+json\" class=\"yoast-schema-graph\">{\"@context\":\"https:\/\/schema.org\",\"@graph\":[{\"@type\":\"WebPage\",\"@id\":\"https:\/\/uhlala-events.com\/fr\/our-philosophy\/\",\"url\":\"https:\/\/uhlala-events.com\/fr\/our-philosophy\/\",\"name\":\"Notre philosophie - Uhlala Events\",\"isPartOf\":{\"@id\":\"https:\/\/uhlala-events.com\/fr\/#website\"},\"datePublished\":\"2025-05-11T17:35:21+00:00\",\"dateModified\":\"2025-07-23T14:54:15+00:00\",\"breadcrumb\":{\"@id\":\"https:\/\/uhlala-events.com\/fr\/our-philosophy\/#breadcrumb\"},\"inLanguage\":\"fr-FR\",\"potentialAction\":[{\"@type\":\"ReadAction\",\"target\":[\"https:\/\/uhlala-events.com\/fr\/our-philosophy\/\"]}]},{\"@type\":\"BreadcrumbList\",\"@id\":\"https:\/\/uhlala-events.com\/fr\/our-philosophy\/#breadcrumb\",\"itemListElement\":[{\"@type\":\"ListItem\",\"position\":1,\"name\":\"Home\",\"item\":\"https:\/\/uhlala-events.com\/fr\/\"},{\"@type\":\"ListItem\",\"position\":2,\"name\":\"Notre philosophie\"}]},{\"@type\":\"WebSite\",\"@id\":\"https:\/\/uhlala-events.com\/fr\/#website\",\"url\":\"https:\/\/uhlala-events.com\/fr\/\",\"name\":\"Uhlala Events\",\"description\":\"Wedding Planner\",\"publisher\":{\"@id\":\"https:\/\/uhlala-events.com\/fr\/#organization\"},\"potentialAction\":[{\"@type\":\"SearchAction\",\"target\":{\"@type\":\"EntryPoint\",\"urlTemplate\":\"https:\/\/uhlala-events.com\/fr\/?s={search_term_string}\"},\"query-input\":{\"@type\":\"PropertyValueSpecification\",\"valueRequired\":true,\"valueName\":\"search_term_string\"}}],\"inLanguage\":\"fr-FR\"},{\"@type\":\"Organization\",\"@id\":\"https:\/\/uhlala-events.com\/fr\/#organization\",\"name\":\"Uhlala Events\",\"url\":\"https:\/\/uhlala-events.com\/fr\/\",\"logo\":{\"@type\":\"ImageObject\",\"inLanguage\":\"fr-FR\",\"@id\":\"https:\/\/uhlala-events.com\/fr\/#\/schema\/logo\/image\/\",\"url\":\"https:\/\/uhlala-events.com\/wp-content\/uploads\/2025\/05\/favicon.png\",\"contentUrl\":\"https:\/\/uhlala-events.com\/wp-content\/uploads\/2025\/05\/favicon.png\",\"width\":512,\"height\":512,\"caption\":\"Uhlala Events\"},\"image\":{\"@id\":\"https:\/\/uhlala-events.com\/fr\/#\/schema\/logo\/image\/\"},\"sameAs\":[\"https:\/\/www.instagram.com\/uhlalaweddingsitaly\/\"]}]}<\/script>\n<!-- \/ Yoast SEO plugin. -->","yoast_head_json":{"title":"Notre philosophie - Uhlala Events","robots":{"index":"index","follow":"follow","max-snippet":"max-snippet:-1","max-image-preview":"max-image-preview:large","max-video-preview":"max-video-preview:-1"},"canonical":"https:\/\/uhlala-events.com\/fr\/our-philosophy\/","og_locale":"fr_FR","og_type":"article","og_title":"Notre philosophie - Uhlala Events","og_description":"Nous r\u00e9unissons un \u00e9quilibre harmonieux entre cr\u00e9ativit\u00e9, rigueur et sensibilit\u00e9 culturelle, pour que chaque mariage soit une c\u00e9l\u00e9bration v\u00e9ritablement unique. Chez UhLaLa, nous croyons qu\u2019un mariage ne se r\u00e9sume pas \u00e0 une seule journ\u00e9e : c\u2019est un voyage \u00e9motionnel, culturel, fait de souvenirs inoubliables. Notre mission est de cr\u00e9er une exp\u00e9rience immersive de 2 \u00e0 [...]","og_url":"https:\/\/uhlala-events.com\/fr\/our-philosophy\/","og_site_name":"Uhlala Events","article_publisher":"https:\/\/www.instagram.com\/uhlalaweddingsitaly\/","article_modified_time":"2025-07-23T14:54:15+00:00","twitter_card":"summary_large_image","twitter_misc":{"Dur\u00e9e de lecture estim\u00e9e":"1 minute"},"schema":{"@context":"https:\/\/schema.org","@graph":[{"@type":"WebPage","@id":"https:\/\/uhlala-events.com\/fr\/our-philosophy\/","url":"https:\/\/uhlala-events.com\/fr\/our-philosophy\/","name":"Notre philosophie - Uhlala Events","isPartOf":{"@id":"https:\/\/uhlala-events.com\/fr\/#website"},"datePublished":"2025-05-11T17:35:21+00:00","dateModified":"2025-07-23T14:54:15+00:00","breadcrumb":{"@id":"https:\/\/uhlala-events.com\/fr\/our-philosophy\/#breadcrumb"},"inLanguage":"fr-FR","potentialAction":[{"@type":"ReadAction","target":["https:\/\/uhlala-events.com\/fr\/our-philosophy\/"]}]},{"@type":"BreadcrumbList","@id":"https:\/\/uhlala-events.com\/fr\/our-philosophy\/#breadcrumb","itemListElement":[{"@type":"ListItem","position":1,"name":"Home","item":"https:\/\/uhlala-events.com\/fr\/"},{"@type":"ListItem","position":2,"name":"Notre philosophie"}]},{"@type":"WebSite","@id":"https:\/\/uhlala-events.com\/fr\/#website","url":"https:\/\/uhlala-events.com\/fr\/","name":"Uhlala Events","description":"Wedding Planner","publisher":{"@id":"https:\/\/uhlala-events.com\/fr\/#organization"},"potentialAction":[{"@type":"SearchAction","target":{"@type":"EntryPoint","urlTemplate":"https:\/\/uhlala-events.com\/fr\/?s={search_term_string}"},"query-input":{"@type":"PropertyValueSpecification","valueRequired":true,"valueName":"search_term_string"}}],"inLanguage":"fr-FR"},{"@type":"Organization","@id":"https:\/\/uhlala-events.com\/fr\/#organization","name":"Uhlala Events","url":"https:\/\/uhlala-events.com\/fr\/","logo":{"@type":"ImageObject","inLanguage":"fr-FR","@id":"https:\/\/uhlala-events.com\/fr\/#\/schema\/logo\/image\/","url":"https:\/\/uhlala-events.com\/wp-content\/uploads\/2025\/05\/favicon.png","contentUrl":"https:\/\/uhlala-events.com\/wp-content\/uploads\/2025\/05\/favicon.png","width":512,"height":512,"caption":"Uhlala Events"},"image":{"@id":"https:\/\/uhlala-events.com\/fr\/#\/schema\/logo\/image\/"},"sameAs":["https:\/\/www.instagram.com\/uhlalaweddingsitaly\/"]}]}},"_links":{"self":[{"href":"https:\/\/uhlala-events.com\/fr\/wp-json\/wp\/v2\/pages\/1360","targetHints":{"allow":["GET"]}}],"collection":[{"href":"https:\/\/uhlala-events.com\/fr\/wp-json\/wp\/v2\/pages"}],"about":[{"href":"https:\/\/uhlala-events.com\/fr\/wp-json\/wp\/v2\/types\/page"}],"author":[{"embeddable":true,"href":"https:\/\/uhlala-events.com\/fr\/wp-json\/wp\/v2\/users\/1"}],"replies":[{"embeddable":true,"href":"https:\/\/uhlala-events.com\/fr\/wp-json\/wp\/v2\/comments?post=1360"}],"version-history":[{"count":1,"href":"https:\/\/uhlala-events.com\/fr\/wp-json\/wp\/v2\/pages\/1360\/revisions"}],"predecessor-version":[{"id":1365,"href":"https:\/\/uhlala-events.com\/fr\/wp-json\/wp\/v2\/pages\/1360\/revisions\/1365"}],"wp:attachment":[{"href":"https:\/\/uhlala-events.com\/fr\/wp-json\/wp\/v2\/media?parent=1360"}],"curies":[{"name":"wp","href":"https:\/\/api.w.org\/{rel}","templated":true}]}}