{"id":1351,"date":"2025-05-11T16:58:20","date_gmt":"2025-05-11T14:58:20","guid":{"rendered":"https:\/\/uhlala-events.com\/kind-words\/"},"modified":"2025-11-16T15:19:07","modified_gmt":"2025-11-16T14:19:07","slug":"kind-words","status":"publish","type":"page","link":"https:\/\/uhlala-events.com\/fr\/kind-words\/","title":{"rendered":"T\u00e9moignages"},"content":{"rendered":"<h3 data-start=\"1452\" data-end=\"1496\"><strong data-start=\"1452\" data-end=\"1496\">Elles m\u2019ont fait sentir part de la famille<\/strong><\/h3>\n<p data-start=\"1498\" data-end=\"2747\">Quand mon lieu de mariage en Toscane m\u2019a recommand\u00e9 Annick, je ne savais pas \u00e0 quoi m\u2019attendre et je ne pensais m\u00eame pas avoir besoin d\u2019une wedding planner. Mais d\u00e8s notre premier appel FaceTime, Annick m\u2019a imm\u00e9diatement mise \u00e0 l\u2019aise et le feeling est pass\u00e9 tout de suite. Pendant toute la pr\u00e9paration, sa communication a \u00e9t\u00e9 parfaite et toujours ponctuelle, malgr\u00e9 le d\u00e9calage horaire. \u00c0 chaque question que j\u2019avais, elle avait la r\u00e9ponse \u2014 et si ce n\u2019\u00e9tait pas le cas, elle la trouvait et revenait vers moi tr\u00e8s rapidement.<br data-start=\"2024\" data-end=\"2027\" \/>C\u2019est \u00e0 ce moment-l\u00e0 que j\u2019ai vraiment compris pourquoi une wedding planner est indispensable, surtout pour un mariage \u00e0 l\u2019\u00e9tranger. Annick posait des questions auxquelles je n\u2019aurais jamais pens\u00e9 et s\u2019assurait que le jour J se d\u00e9roule exactement comme nous le voulions. Elle a rendu l\u2019organisation d\u2019un mariage en Italie beaucoup moins stressante, surtout durant les derniers mois remplis de d\u00e9tails.<br data-start=\"2428\" data-end=\"2431\" \/>Le jour du mariage, Annick et Cecilia ont fait en sorte que tout soit fluide et parfait ! \u00c0 la fin de la soir\u00e9e, j\u2019ai pleur\u00e9 en leur disant au revoir (apr\u00e8s quelques verres \ud83d\ude05) car elles m\u2019ont r\u00e9ellement fait sentir comme un membre de la famille. Je recommande vivement UhLaLa Weddings pour votre mariage en Italie !<\/p>\n<p data-start=\"2749\" data-end=\"2766\"><strong>\u2013 Nicole &amp; Ronnie<\/strong><\/p>\n<h3><\/h3>\n<h3><strong>Comme organiser son mariage avec sa meilleure amie italienne<\/strong><\/h3>\n<p>L\u2019\u00e9quipe d\u2019UhLaLa est une v\u00e9ritable p\u00e9pite ! J\u2019ai grandi entour\u00e9e de mariages, ma m\u00e8re organisait des mariages donc mes attentes \u00e9taient tr\u00e8s \u00e9lev\u00e9es \u2014 et elles ont \u00e9t\u00e9 d\u00e9pass\u00e9es \u00e0 tous les niveaux.<br \/>\nOrganiser un mariage \u00e0 l\u2019\u00e9tranger semblait intimidant, mais UhLaLa a rendu tout cela fluide et naturel.<br \/>\nAnnick a g\u00e9r\u00e9 chaque d\u00e9tail avec calme et attention, de la coordination des prestataires jusqu\u2019au planning, ce qui nous a permis de profiter pleinement de l\u2019instant.<br \/>\nTout \u00e9tait encore plus beau que ce que nous avions imagin\u00e9 \u2014 les fleurs, la musique, le cadre.<br \/>\nUhLaLa n\u2019est pas qu\u2019une \u00e9quipe incroyable de wedding planners \u2014 ce sont des personnes que vous aimeriez garder dans votre vie pour toujours.<br \/>\nSi vous pr\u00e9voyez un mariage en Toscane, ne r\u00e9fl\u00e9chissez pas : commencez avec UhLaLa !<br \/>\n\u2014 <strong>Clara &amp; Josh<\/strong><\/p>\n<h3><strong>Notre journ\u00e9e de r\u00eave, rendue r\u00e9alit\u00e9<\/strong><\/h3>\n<p>Nous ne remercierons jamais assez UhLaLa d\u2019avoir rendu notre mariage en Italie si magique et si simple.<br \/>\nD\u00e8s le premier appel, Annick a \u00e9t\u00e9 chaleureuse, attentive, et a parfaitement compris notre vision.<br \/>\nElle a pris en charge toute la logistique, trouv\u00e9 les bons prestataires et apport\u00e9 tellement de c\u0153ur et de style \u00e0 l\u2019ambiance g\u00e9n\u00e9rale.<br \/>\nMais ce qui nous a le plus touch\u00e9s, c\u2019est \u00e0 quel point elle s\u2019est investie personnellement.<br \/>\nPour elle, ce n\u2019\u00e9tait pas juste une organisation \u2014 c\u2019\u00e9tait notre bonheur, et cela se ressentait dans chaque d\u00e9tail.<br \/>\nOrganiser un mariage depuis la Californie aurait pu \u00eatre stressant, mais avec Annick, ce fut une joie, en toute confiance.<br \/>\nSi vous r\u00eavez d\u2019un mariage en Italie, c\u2019est elle qu\u2019il vous faut.<br \/>\n\u2014 <strong>Sonia &amp; Mark<\/strong><\/p>\n<h3><strong>Le secret d\u2019un mariage sans stress en Italie<\/strong><\/h3>\n<p>UhLaLa a transform\u00e9 notre week-end de mariage en Italie en une exp\u00e9rience compl\u00e8tement sans stress \u2014 et m\u00eame franchement amusante.<br \/>\nD\u00e8s le d\u00e9but, Annick a \u00e9t\u00e9 organis\u00e9e, pr\u00e9voyante, toujours trois pas en avance.<br \/>\nEn tant que couple \u00e0 distance, nous avions quelques inqui\u00e9tudes, mais Annick a tout g\u00e9r\u00e9 avec pr\u00e9cision et humanit\u00e9.<br \/>\nElle n\u2019\u00e9tait pas seulement une organisatrice \u2014 elle a \u00e9t\u00e9 notre pilier, notre s\u00e9r\u00e9nit\u00e9, et la raison pour laquelle nous avons pu pleinement profiter de chaque moment avec nos proches.<br \/>\nHonn\u00eatement, on ne peut pas imaginer notre mariage sans UhLaLa.<br \/>\nSi vous planifiez depuis l\u2019\u00e9tranger, ne le faites pas sans elles.<br \/>\n\u2014 <strong>Jessica &amp; St\u00e9phane<\/strong><\/p>\n","protected":false},"excerpt":{"rendered":"<p>Elles m\u2019ont fait sentir part de la famille Quand mon lieu de mariage en Toscane m\u2019a recommand\u00e9 Annick, je ne savais pas \u00e0 quoi m\u2019attendre et je ne pensais m\u00eame pas avoir besoin d\u2019une wedding planner. Mais d\u00e8s notre premier appel FaceTime, Annick m\u2019a imm\u00e9diatement mise \u00e0 l\u2019aise et le feeling est pass\u00e9 tout de [&#8230;]<\/p>\n","protected":false},"author":1,"featured_media":0,"parent":0,"menu_order":0,"comment_status":"closed","ping_status":"closed","template":"","meta":{"_acf_changed":false,"inline_featured_image":false,"_joinchat":[],"footnotes":""},"class_list":["post-1351","page","type-page","status-publish","hentry"],"acf":[],"yoast_head":"<!-- This site is optimized with the Yoast SEO plugin v26.6 - https:\/\/yoast.com\/wordpress\/plugins\/seo\/ -->\n<title>T\u00e9moignages - Uhlala Events<\/title>\n<meta name=\"description\" content=\"D\u00e9couvrez les t\u00e9moignages de couples qui nous ont fait confiance pour leur mariage en Toscane et dans les Pouilles. Authenticit\u00e9 &amp; \u00e9motions garanties.\" \/>\n<meta name=\"robots\" content=\"index, follow, max-snippet:-1, max-image-preview:large, max-video-preview:-1\" \/>\n<link rel=\"canonical\" href=\"https:\/\/uhlala-events.com\/fr\/kind-words\/\" \/>\n<meta property=\"og:locale\" content=\"fr_FR\" \/>\n<meta property=\"og:type\" content=\"article\" \/>\n<meta property=\"og:title\" content=\"T\u00e9moignages - Uhlala Events\" \/>\n<meta property=\"og:description\" content=\"D\u00e9couvrez les t\u00e9moignages de couples qui nous ont fait confiance pour leur mariage en Toscane et dans les Pouilles. Authenticit\u00e9 &amp; \u00e9motions garanties.\" \/>\n<meta property=\"og:url\" content=\"https:\/\/uhlala-events.com\/fr\/kind-words\/\" \/>\n<meta property=\"og:site_name\" content=\"Uhlala Events\" \/>\n<meta property=\"article:publisher\" content=\"https:\/\/www.instagram.com\/uhlalaweddingsitaly\/\" \/>\n<meta property=\"article:modified_time\" content=\"2025-11-16T14:19:07+00:00\" \/>\n<meta name=\"twitter:card\" content=\"summary_large_image\" \/>\n<meta name=\"twitter:label1\" content=\"Dur\u00e9e de lecture estim\u00e9e\" \/>\n\t<meta name=\"twitter:data1\" content=\"3 minutes\" \/>\n<script type=\"application\/ld+json\" class=\"yoast-schema-graph\">{\"@context\":\"https:\/\/schema.org\",\"@graph\":[{\"@type\":\"WebPage\",\"@id\":\"https:\/\/uhlala-events.com\/fr\/kind-words\/\",\"url\":\"https:\/\/uhlala-events.com\/fr\/kind-words\/\",\"name\":\"T\u00e9moignages - Uhlala Events\",\"isPartOf\":{\"@id\":\"https:\/\/uhlala-events.com\/fr\/#website\"},\"datePublished\":\"2025-05-11T14:58:20+00:00\",\"dateModified\":\"2025-11-16T14:19:07+00:00\",\"description\":\"D\u00e9couvrez les t\u00e9moignages de couples qui nous ont fait confiance pour leur mariage en Toscane et dans les Pouilles. Authenticit\u00e9 & \u00e9motions garanties.\",\"breadcrumb\":{\"@id\":\"https:\/\/uhlala-events.com\/fr\/kind-words\/#breadcrumb\"},\"inLanguage\":\"fr-FR\",\"potentialAction\":[{\"@type\":\"ReadAction\",\"target\":[\"https:\/\/uhlala-events.com\/fr\/kind-words\/\"]}]},{\"@type\":\"BreadcrumbList\",\"@id\":\"https:\/\/uhlala-events.com\/fr\/kind-words\/#breadcrumb\",\"itemListElement\":[{\"@type\":\"ListItem\",\"position\":1,\"name\":\"Home\",\"item\":\"https:\/\/uhlala-events.com\/fr\/\"},{\"@type\":\"ListItem\",\"position\":2,\"name\":\"T\u00e9moignages\"}]},{\"@type\":\"WebSite\",\"@id\":\"https:\/\/uhlala-events.com\/fr\/#website\",\"url\":\"https:\/\/uhlala-events.com\/fr\/\",\"name\":\"Uhlala Events\",\"description\":\"Wedding Planner\",\"publisher\":{\"@id\":\"https:\/\/uhlala-events.com\/fr\/#organization\"},\"potentialAction\":[{\"@type\":\"SearchAction\",\"target\":{\"@type\":\"EntryPoint\",\"urlTemplate\":\"https:\/\/uhlala-events.com\/fr\/?s={search_term_string}\"},\"query-input\":{\"@type\":\"PropertyValueSpecification\",\"valueRequired\":true,\"valueName\":\"search_term_string\"}}],\"inLanguage\":\"fr-FR\"},{\"@type\":\"Organization\",\"@id\":\"https:\/\/uhlala-events.com\/fr\/#organization\",\"name\":\"Uhlala Events\",\"url\":\"https:\/\/uhlala-events.com\/fr\/\",\"logo\":{\"@type\":\"ImageObject\",\"inLanguage\":\"fr-FR\",\"@id\":\"https:\/\/uhlala-events.com\/fr\/#\/schema\/logo\/image\/\",\"url\":\"https:\/\/uhlala-events.com\/wp-content\/uploads\/2025\/05\/favicon.png\",\"contentUrl\":\"https:\/\/uhlala-events.com\/wp-content\/uploads\/2025\/05\/favicon.png\",\"width\":512,\"height\":512,\"caption\":\"Uhlala Events\"},\"image\":{\"@id\":\"https:\/\/uhlala-events.com\/fr\/#\/schema\/logo\/image\/\"},\"sameAs\":[\"https:\/\/www.instagram.com\/uhlalaweddingsitaly\/\"]}]}<\/script>\n<!-- \/ Yoast SEO plugin. -->","yoast_head_json":{"title":"T\u00e9moignages - Uhlala Events","description":"D\u00e9couvrez les t\u00e9moignages de couples qui nous ont fait confiance pour leur mariage en Toscane et dans les Pouilles. Authenticit\u00e9 & \u00e9motions garanties.","robots":{"index":"index","follow":"follow","max-snippet":"max-snippet:-1","max-image-preview":"max-image-preview:large","max-video-preview":"max-video-preview:-1"},"canonical":"https:\/\/uhlala-events.com\/fr\/kind-words\/","og_locale":"fr_FR","og_type":"article","og_title":"T\u00e9moignages - Uhlala Events","og_description":"D\u00e9couvrez les t\u00e9moignages de couples qui nous ont fait confiance pour leur mariage en Toscane et dans les Pouilles. Authenticit\u00e9 & \u00e9motions garanties.","og_url":"https:\/\/uhlala-events.com\/fr\/kind-words\/","og_site_name":"Uhlala Events","article_publisher":"https:\/\/www.instagram.com\/uhlalaweddingsitaly\/","article_modified_time":"2025-11-16T14:19:07+00:00","twitter_card":"summary_large_image","twitter_misc":{"Dur\u00e9e de lecture estim\u00e9e":"3 minutes"},"schema":{"@context":"https:\/\/schema.org","@graph":[{"@type":"WebPage","@id":"https:\/\/uhlala-events.com\/fr\/kind-words\/","url":"https:\/\/uhlala-events.com\/fr\/kind-words\/","name":"T\u00e9moignages - Uhlala Events","isPartOf":{"@id":"https:\/\/uhlala-events.com\/fr\/#website"},"datePublished":"2025-05-11T14:58:20+00:00","dateModified":"2025-11-16T14:19:07+00:00","description":"D\u00e9couvrez les t\u00e9moignages de couples qui nous ont fait confiance pour leur mariage en Toscane et dans les Pouilles. Authenticit\u00e9 & \u00e9motions garanties.","breadcrumb":{"@id":"https:\/\/uhlala-events.com\/fr\/kind-words\/#breadcrumb"},"inLanguage":"fr-FR","potentialAction":[{"@type":"ReadAction","target":["https:\/\/uhlala-events.com\/fr\/kind-words\/"]}]},{"@type":"BreadcrumbList","@id":"https:\/\/uhlala-events.com\/fr\/kind-words\/#breadcrumb","itemListElement":[{"@type":"ListItem","position":1,"name":"Home","item":"https:\/\/uhlala-events.com\/fr\/"},{"@type":"ListItem","position":2,"name":"T\u00e9moignages"}]},{"@type":"WebSite","@id":"https:\/\/uhlala-events.com\/fr\/#website","url":"https:\/\/uhlala-events.com\/fr\/","name":"Uhlala Events","description":"Wedding Planner","publisher":{"@id":"https:\/\/uhlala-events.com\/fr\/#organization"},"potentialAction":[{"@type":"SearchAction","target":{"@type":"EntryPoint","urlTemplate":"https:\/\/uhlala-events.com\/fr\/?s={search_term_string}"},"query-input":{"@type":"PropertyValueSpecification","valueRequired":true,"valueName":"search_term_string"}}],"inLanguage":"fr-FR"},{"@type":"Organization","@id":"https:\/\/uhlala-events.com\/fr\/#organization","name":"Uhlala Events","url":"https:\/\/uhlala-events.com\/fr\/","logo":{"@type":"ImageObject","inLanguage":"fr-FR","@id":"https:\/\/uhlala-events.com\/fr\/#\/schema\/logo\/image\/","url":"https:\/\/uhlala-events.com\/wp-content\/uploads\/2025\/05\/favicon.png","contentUrl":"https:\/\/uhlala-events.com\/wp-content\/uploads\/2025\/05\/favicon.png","width":512,"height":512,"caption":"Uhlala Events"},"image":{"@id":"https:\/\/uhlala-events.com\/fr\/#\/schema\/logo\/image\/"},"sameAs":["https:\/\/www.instagram.com\/uhlalaweddingsitaly\/"]}]}},"_links":{"self":[{"href":"https:\/\/uhlala-events.com\/fr\/wp-json\/wp\/v2\/pages\/1351","targetHints":{"allow":["GET"]}}],"collection":[{"href":"https:\/\/uhlala-events.com\/fr\/wp-json\/wp\/v2\/pages"}],"about":[{"href":"https:\/\/uhlala-events.com\/fr\/wp-json\/wp\/v2\/types\/page"}],"author":[{"embeddable":true,"href":"https:\/\/uhlala-events.com\/fr\/wp-json\/wp\/v2\/users\/1"}],"replies":[{"embeddable":true,"href":"https:\/\/uhlala-events.com\/fr\/wp-json\/wp\/v2\/comments?post=1351"}],"version-history":[{"count":4,"href":"https:\/\/uhlala-events.com\/fr\/wp-json\/wp\/v2\/pages\/1351\/revisions"}],"predecessor-version":[{"id":1939,"href":"https:\/\/uhlala-events.com\/fr\/wp-json\/wp\/v2\/pages\/1351\/revisions\/1939"}],"wp:attachment":[{"href":"https:\/\/uhlala-events.com\/fr\/wp-json\/wp\/v2\/media?parent=1351"}],"curies":[{"name":"wp","href":"https:\/\/api.w.org\/{rel}","templated":true}]}}