{"id":1326,"date":"2025-05-12T13:48:02","date_gmt":"2025-05-12T11:48:02","guid":{"rendered":"https:\/\/uhlala-events.com\/home\/"},"modified":"2025-12-05T17:23:50","modified_gmt":"2025-12-05T16:23:50","slug":"home","status":"publish","type":"page","link":"https:\/\/uhlala-events.com\/fr\/","title":{"rendered":"Accueil"},"content":{"rendered":"","protected":false},"excerpt":{"rendered":"<p> [&#8230;]<\/p>\n","protected":false},"author":1,"featured_media":0,"parent":0,"menu_order":0,"comment_status":"closed","ping_status":"closed","template":"page-templates\/uhlala-home.php","meta":{"_acf_changed":false,"inline_featured_image":false,"_joinchat":[],"footnotes":""},"class_list":["post-1326","page","type-page","status-publish","hentry"],"acf":[],"yoast_head":"<!-- This site is optimized with the Yoast SEO plugin v26.6 - https:\/\/yoast.com\/wordpress\/plugins\/seo\/ -->\n<title>Uhlala Events - Wedding Planner<\/title>\n<meta name=\"description\" content=\"Organisez votre mariage de r\u00eave en Italie avec UhLaLa Weddings. Sp\u00e9cialistes de la Toscane et des Pouilles, nous accompagnons les couples internationaux dans la cr\u00e9ation d\u2019une c\u00e9l\u00e9bration unique, authentique et parfaitement orchestr\u00e9e.\" \/>\n<meta name=\"robots\" content=\"index, follow, max-snippet:-1, max-image-preview:large, max-video-preview:-1\" \/>\n<link rel=\"canonical\" href=\"https:\/\/uhlala-events.com\/fr\/\" \/>\n<meta property=\"og:locale\" content=\"fr_FR\" \/>\n<meta property=\"og:type\" content=\"article\" \/>\n<meta property=\"og:title\" content=\"Uhlala Events - Wedding Planner\" \/>\n<meta property=\"og:description\" content=\"Organisez votre mariage de r\u00eave en Italie avec UhLaLa Weddings. Sp\u00e9cialistes de la Toscane et des Pouilles, nous accompagnons les couples internationaux dans la cr\u00e9ation d\u2019une c\u00e9l\u00e9bration unique, authentique et parfaitement orchestr\u00e9e.\" \/>\n<meta property=\"og:url\" content=\"https:\/\/uhlala-events.com\/fr\/\" \/>\n<meta property=\"og:site_name\" content=\"Uhlala Events\" \/>\n<meta property=\"article:publisher\" content=\"https:\/\/www.instagram.com\/uhlalaweddingsitaly\/\" \/>\n<meta property=\"article:modified_time\" content=\"2025-12-05T16:23:50+00:00\" \/>\n<meta name=\"twitter:card\" content=\"summary_large_image\" \/>\n<meta name=\"twitter:label1\" content=\"Dur\u00e9e de lecture estim\u00e9e\" \/>\n\t<meta name=\"twitter:data1\" content=\"3 minutes\" \/>\n<script type=\"application\/ld+json\" class=\"yoast-schema-graph\">{\"@context\":\"https:\/\/schema.org\",\"@graph\":[{\"@type\":\"WebPage\",\"@id\":\"https:\/\/uhlala-events.com\/fr\/\",\"url\":\"https:\/\/uhlala-events.com\/fr\/\",\"name\":\"Uhlala Events - Wedding Planner\",\"isPartOf\":{\"@id\":\"https:\/\/uhlala-events.com\/fr\/#website\"},\"datePublished\":\"2025-05-12T11:48:02+00:00\",\"dateModified\":\"2025-12-05T16:23:50+00:00\",\"description\":\"Organisez votre mariage de r\u00eave en Italie avec UhLaLa Weddings. Sp\u00e9cialistes de la Toscane et des Pouilles, nous accompagnons les couples internationaux dans la cr\u00e9ation d\u2019une c\u00e9l\u00e9bration unique, authentique et parfaitement orchestr\u00e9e.\",\"breadcrumb\":{\"@id\":\"https:\/\/uhlala-events.com\/fr\/#breadcrumb\"},\"inLanguage\":\"fr-FR\",\"potentialAction\":[{\"@type\":\"ReadAction\",\"target\":[\"https:\/\/uhlala-events.com\/fr\/\"]}]},{\"@type\":\"BreadcrumbList\",\"@id\":\"https:\/\/uhlala-events.com\/fr\/#breadcrumb\",\"itemListElement\":[{\"@type\":\"ListItem\",\"position\":1,\"name\":\"Home\",\"item\":\"https:\/\/uhlala-events.com\/fr\/\"},{\"@type\":\"ListItem\",\"position\":2,\"name\":\"Accueil\"}]},{\"@type\":\"WebSite\",\"@id\":\"https:\/\/uhlala-events.com\/fr\/#website\",\"url\":\"https:\/\/uhlala-events.com\/fr\/\",\"name\":\"Uhlala Events\",\"description\":\"Wedding Planner\",\"publisher\":{\"@id\":\"https:\/\/uhlala-events.com\/fr\/#organization\"},\"potentialAction\":[{\"@type\":\"SearchAction\",\"target\":{\"@type\":\"EntryPoint\",\"urlTemplate\":\"https:\/\/uhlala-events.com\/fr\/?s={search_term_string}\"},\"query-input\":{\"@type\":\"PropertyValueSpecification\",\"valueRequired\":true,\"valueName\":\"search_term_string\"}}],\"inLanguage\":\"fr-FR\"},{\"@type\":\"Organization\",\"@id\":\"https:\/\/uhlala-events.com\/fr\/#organization\",\"name\":\"Uhlala Events\",\"url\":\"https:\/\/uhlala-events.com\/fr\/\",\"logo\":{\"@type\":\"ImageObject\",\"inLanguage\":\"fr-FR\",\"@id\":\"https:\/\/uhlala-events.com\/fr\/#\/schema\/logo\/image\/\",\"url\":\"https:\/\/uhlala-events.com\/wp-content\/uploads\/2025\/05\/favicon.png\",\"contentUrl\":\"https:\/\/uhlala-events.com\/wp-content\/uploads\/2025\/05\/favicon.png\",\"width\":512,\"height\":512,\"caption\":\"Uhlala Events\"},\"image\":{\"@id\":\"https:\/\/uhlala-events.com\/fr\/#\/schema\/logo\/image\/\"},\"sameAs\":[\"https:\/\/www.instagram.com\/uhlalaweddingsitaly\/\"]}]}<\/script>\n<!-- \/ Yoast SEO plugin. -->","yoast_head_json":{"title":"Uhlala Events - Wedding Planner","description":"Organisez votre mariage de r\u00eave en Italie avec UhLaLa Weddings. Sp\u00e9cialistes de la Toscane et des Pouilles, nous accompagnons les couples internationaux dans la cr\u00e9ation d\u2019une c\u00e9l\u00e9bration unique, authentique et parfaitement orchestr\u00e9e.","robots":{"index":"index","follow":"follow","max-snippet":"max-snippet:-1","max-image-preview":"max-image-preview:large","max-video-preview":"max-video-preview:-1"},"canonical":"https:\/\/uhlala-events.com\/fr\/","og_locale":"fr_FR","og_type":"article","og_title":"Uhlala Events - Wedding Planner","og_description":"Organisez votre mariage de r\u00eave en Italie avec UhLaLa Weddings. Sp\u00e9cialistes de la Toscane et des Pouilles, nous accompagnons les couples internationaux dans la cr\u00e9ation d\u2019une c\u00e9l\u00e9bration unique, authentique et parfaitement orchestr\u00e9e.","og_url":"https:\/\/uhlala-events.com\/fr\/","og_site_name":"Uhlala Events","article_publisher":"https:\/\/www.instagram.com\/uhlalaweddingsitaly\/","article_modified_time":"2025-12-05T16:23:50+00:00","twitter_card":"summary_large_image","twitter_misc":{"Dur\u00e9e de lecture estim\u00e9e":"3 minutes"},"schema":{"@context":"https:\/\/schema.org","@graph":[{"@type":"WebPage","@id":"https:\/\/uhlala-events.com\/fr\/","url":"https:\/\/uhlala-events.com\/fr\/","name":"Uhlala Events - Wedding Planner","isPartOf":{"@id":"https:\/\/uhlala-events.com\/fr\/#website"},"datePublished":"2025-05-12T11:48:02+00:00","dateModified":"2025-12-05T16:23:50+00:00","description":"Organisez votre mariage de r\u00eave en Italie avec UhLaLa Weddings. Sp\u00e9cialistes de la Toscane et des Pouilles, nous accompagnons les couples internationaux dans la cr\u00e9ation d\u2019une c\u00e9l\u00e9bration unique, authentique et parfaitement orchestr\u00e9e.","breadcrumb":{"@id":"https:\/\/uhlala-events.com\/fr\/#breadcrumb"},"inLanguage":"fr-FR","potentialAction":[{"@type":"ReadAction","target":["https:\/\/uhlala-events.com\/fr\/"]}]},{"@type":"BreadcrumbList","@id":"https:\/\/uhlala-events.com\/fr\/#breadcrumb","itemListElement":[{"@type":"ListItem","position":1,"name":"Home","item":"https:\/\/uhlala-events.com\/fr\/"},{"@type":"ListItem","position":2,"name":"Accueil"}]},{"@type":"WebSite","@id":"https:\/\/uhlala-events.com\/fr\/#website","url":"https:\/\/uhlala-events.com\/fr\/","name":"Uhlala Events","description":"Wedding Planner","publisher":{"@id":"https:\/\/uhlala-events.com\/fr\/#organization"},"potentialAction":[{"@type":"SearchAction","target":{"@type":"EntryPoint","urlTemplate":"https:\/\/uhlala-events.com\/fr\/?s={search_term_string}"},"query-input":{"@type":"PropertyValueSpecification","valueRequired":true,"valueName":"search_term_string"}}],"inLanguage":"fr-FR"},{"@type":"Organization","@id":"https:\/\/uhlala-events.com\/fr\/#organization","name":"Uhlala Events","url":"https:\/\/uhlala-events.com\/fr\/","logo":{"@type":"ImageObject","inLanguage":"fr-FR","@id":"https:\/\/uhlala-events.com\/fr\/#\/schema\/logo\/image\/","url":"https:\/\/uhlala-events.com\/wp-content\/uploads\/2025\/05\/favicon.png","contentUrl":"https:\/\/uhlala-events.com\/wp-content\/uploads\/2025\/05\/favicon.png","width":512,"height":512,"caption":"Uhlala Events"},"image":{"@id":"https:\/\/uhlala-events.com\/fr\/#\/schema\/logo\/image\/"},"sameAs":["https:\/\/www.instagram.com\/uhlalaweddingsitaly\/"]}]}},"_links":{"self":[{"href":"https:\/\/uhlala-events.com\/fr\/wp-json\/wp\/v2\/pages\/1326","targetHints":{"allow":["GET"]}}],"collection":[{"href":"https:\/\/uhlala-events.com\/fr\/wp-json\/wp\/v2\/pages"}],"about":[{"href":"https:\/\/uhlala-events.com\/fr\/wp-json\/wp\/v2\/types\/page"}],"author":[{"embeddable":true,"href":"https:\/\/uhlala-events.com\/fr\/wp-json\/wp\/v2\/users\/1"}],"replies":[{"embeddable":true,"href":"https:\/\/uhlala-events.com\/fr\/wp-json\/wp\/v2\/comments?post=1326"}],"version-history":[{"count":6,"href":"https:\/\/uhlala-events.com\/fr\/wp-json\/wp\/v2\/pages\/1326\/revisions"}],"predecessor-version":[{"id":1662,"href":"https:\/\/uhlala-events.com\/fr\/wp-json\/wp\/v2\/pages\/1326\/revisions\/1662"}],"wp:attachment":[{"href":"https:\/\/uhlala-events.com\/fr\/wp-json\/wp\/v2\/media?parent=1326"}],"curies":[{"name":"wp","href":"https:\/\/api.w.org\/{rel}","templated":true}]}}