{"id":1310,"date":"2025-05-19T01:05:55","date_gmt":"2025-05-18T23:05:55","guid":{"rendered":"https:\/\/uhlala-events.com\/services\/full-wedding-planning\/"},"modified":"2025-08-19T18:44:36","modified_gmt":"2025-08-19T16:44:36","slug":"full-wedding-planning","status":"publish","type":"page","link":"https:\/\/uhlala-events.com\/fr\/services\/full-wedding-planning\/","title":{"rendered":"Organisation compl\u00e8te"},"content":{"rendered":"","protected":false},"excerpt":{"rendered":"<p> [&#8230;]<\/p>\n","protected":false},"author":1,"featured_media":0,"parent":1305,"menu_order":0,"comment_status":"closed","ping_status":"closed","template":"page-templates\/uhlala-page.php","meta":{"_acf_changed":false,"inline_featured_image":false,"_joinchat":[],"footnotes":""},"class_list":["post-1310","page","type-page","status-publish","hentry"],"acf":[],"yoast_head":"<!-- This site is optimized with the Yoast SEO plugin v26.6 - https:\/\/yoast.com\/wordpress\/plugins\/seo\/ -->\n<title>Organisation compl\u00e8te - Uhlala Events<\/title>\n<meta name=\"description\" content=\"De la recherche du lieu au jour J, UhLaLa organise votre mariage de r\u00eave en Toscane ou dans les Pouilles. Service complet, personnalis\u00e9 et sans stress.\" \/>\n<meta name=\"robots\" content=\"index, follow, max-snippet:-1, max-image-preview:large, max-video-preview:-1\" \/>\n<link rel=\"canonical\" href=\"https:\/\/uhlala-events.com\/fr\/services\/full-wedding-planning\/\" \/>\n<meta property=\"og:locale\" content=\"fr_FR\" \/>\n<meta property=\"og:type\" content=\"article\" \/>\n<meta property=\"og:title\" content=\"Organisation compl\u00e8te - Uhlala Events\" \/>\n<meta property=\"og:description\" content=\"De la recherche du lieu au jour J, UhLaLa organise votre mariage de r\u00eave en Toscane ou dans les Pouilles. Service complet, personnalis\u00e9 et sans stress.\" \/>\n<meta property=\"og:url\" content=\"https:\/\/uhlala-events.com\/fr\/services\/full-wedding-planning\/\" \/>\n<meta property=\"og:site_name\" content=\"Uhlala Events\" \/>\n<meta property=\"article:publisher\" content=\"https:\/\/www.instagram.com\/uhlalaweddingsitaly\/\" \/>\n<meta property=\"article:modified_time\" content=\"2025-08-19T16:44:36+00:00\" \/>\n<meta name=\"twitter:card\" content=\"summary_large_image\" \/>\n<meta name=\"twitter:label1\" content=\"Dur\u00e9e de lecture estim\u00e9e\" \/>\n\t<meta name=\"twitter:data1\" content=\"3 minutes\" \/>\n<script type=\"application\/ld+json\" class=\"yoast-schema-graph\">{\"@context\":\"https:\/\/schema.org\",\"@graph\":[{\"@type\":\"WebPage\",\"@id\":\"https:\/\/uhlala-events.com\/fr\/services\/full-wedding-planning\/\",\"url\":\"https:\/\/uhlala-events.com\/fr\/services\/full-wedding-planning\/\",\"name\":\"Organisation compl\u00e8te - Uhlala Events\",\"isPartOf\":{\"@id\":\"https:\/\/uhlala-events.com\/fr\/#website\"},\"datePublished\":\"2025-05-18T23:05:55+00:00\",\"dateModified\":\"2025-08-19T16:44:36+00:00\",\"description\":\"De la recherche du lieu au jour J, UhLaLa organise votre mariage de r\u00eave en Toscane ou dans les Pouilles. Service complet, personnalis\u00e9 et sans stress.\",\"breadcrumb\":{\"@id\":\"https:\/\/uhlala-events.com\/fr\/services\/full-wedding-planning\/#breadcrumb\"},\"inLanguage\":\"fr-FR\",\"potentialAction\":[{\"@type\":\"ReadAction\",\"target\":[\"https:\/\/uhlala-events.com\/fr\/services\/full-wedding-planning\/\"]}]},{\"@type\":\"BreadcrumbList\",\"@id\":\"https:\/\/uhlala-events.com\/fr\/services\/full-wedding-planning\/#breadcrumb\",\"itemListElement\":[{\"@type\":\"ListItem\",\"position\":1,\"name\":\"Home\",\"item\":\"https:\/\/uhlala-events.com\/fr\/\"},{\"@type\":\"ListItem\",\"position\":2,\"name\":\"Services\",\"item\":\"https:\/\/uhlala-events.com\/fr\/services\/\"},{\"@type\":\"ListItem\",\"position\":3,\"name\":\"Organisation compl\u00e8te\"}]},{\"@type\":\"WebSite\",\"@id\":\"https:\/\/uhlala-events.com\/fr\/#website\",\"url\":\"https:\/\/uhlala-events.com\/fr\/\",\"name\":\"Uhlala Events\",\"description\":\"Wedding Planner\",\"publisher\":{\"@id\":\"https:\/\/uhlala-events.com\/fr\/#organization\"},\"potentialAction\":[{\"@type\":\"SearchAction\",\"target\":{\"@type\":\"EntryPoint\",\"urlTemplate\":\"https:\/\/uhlala-events.com\/fr\/?s={search_term_string}\"},\"query-input\":{\"@type\":\"PropertyValueSpecification\",\"valueRequired\":true,\"valueName\":\"search_term_string\"}}],\"inLanguage\":\"fr-FR\"},{\"@type\":\"Organization\",\"@id\":\"https:\/\/uhlala-events.com\/fr\/#organization\",\"name\":\"Uhlala Events\",\"url\":\"https:\/\/uhlala-events.com\/fr\/\",\"logo\":{\"@type\":\"ImageObject\",\"inLanguage\":\"fr-FR\",\"@id\":\"https:\/\/uhlala-events.com\/fr\/#\/schema\/logo\/image\/\",\"url\":\"https:\/\/uhlala-events.com\/wp-content\/uploads\/2025\/05\/favicon.png\",\"contentUrl\":\"https:\/\/uhlala-events.com\/wp-content\/uploads\/2025\/05\/favicon.png\",\"width\":512,\"height\":512,\"caption\":\"Uhlala Events\"},\"image\":{\"@id\":\"https:\/\/uhlala-events.com\/fr\/#\/schema\/logo\/image\/\"},\"sameAs\":[\"https:\/\/www.instagram.com\/uhlalaweddingsitaly\/\"]}]}<\/script>\n<!-- \/ Yoast SEO plugin. -->","yoast_head_json":{"title":"Organisation compl\u00e8te - Uhlala Events","description":"De la recherche du lieu au jour J, UhLaLa organise votre mariage de r\u00eave en Toscane ou dans les Pouilles. Service complet, personnalis\u00e9 et sans stress.","robots":{"index":"index","follow":"follow","max-snippet":"max-snippet:-1","max-image-preview":"max-image-preview:large","max-video-preview":"max-video-preview:-1"},"canonical":"https:\/\/uhlala-events.com\/fr\/services\/full-wedding-planning\/","og_locale":"fr_FR","og_type":"article","og_title":"Organisation compl\u00e8te - Uhlala Events","og_description":"De la recherche du lieu au jour J, UhLaLa organise votre mariage de r\u00eave en Toscane ou dans les Pouilles. Service complet, personnalis\u00e9 et sans stress.","og_url":"https:\/\/uhlala-events.com\/fr\/services\/full-wedding-planning\/","og_site_name":"Uhlala Events","article_publisher":"https:\/\/www.instagram.com\/uhlalaweddingsitaly\/","article_modified_time":"2025-08-19T16:44:36+00:00","twitter_card":"summary_large_image","twitter_misc":{"Dur\u00e9e de lecture estim\u00e9e":"3 minutes"},"schema":{"@context":"https:\/\/schema.org","@graph":[{"@type":"WebPage","@id":"https:\/\/uhlala-events.com\/fr\/services\/full-wedding-planning\/","url":"https:\/\/uhlala-events.com\/fr\/services\/full-wedding-planning\/","name":"Organisation compl\u00e8te - Uhlala Events","isPartOf":{"@id":"https:\/\/uhlala-events.com\/fr\/#website"},"datePublished":"2025-05-18T23:05:55+00:00","dateModified":"2025-08-19T16:44:36+00:00","description":"De la recherche du lieu au jour J, UhLaLa organise votre mariage de r\u00eave en Toscane ou dans les Pouilles. Service complet, personnalis\u00e9 et sans stress.","breadcrumb":{"@id":"https:\/\/uhlala-events.com\/fr\/services\/full-wedding-planning\/#breadcrumb"},"inLanguage":"fr-FR","potentialAction":[{"@type":"ReadAction","target":["https:\/\/uhlala-events.com\/fr\/services\/full-wedding-planning\/"]}]},{"@type":"BreadcrumbList","@id":"https:\/\/uhlala-events.com\/fr\/services\/full-wedding-planning\/#breadcrumb","itemListElement":[{"@type":"ListItem","position":1,"name":"Home","item":"https:\/\/uhlala-events.com\/fr\/"},{"@type":"ListItem","position":2,"name":"Services","item":"https:\/\/uhlala-events.com\/fr\/services\/"},{"@type":"ListItem","position":3,"name":"Organisation compl\u00e8te"}]},{"@type":"WebSite","@id":"https:\/\/uhlala-events.com\/fr\/#website","url":"https:\/\/uhlala-events.com\/fr\/","name":"Uhlala Events","description":"Wedding Planner","publisher":{"@id":"https:\/\/uhlala-events.com\/fr\/#organization"},"potentialAction":[{"@type":"SearchAction","target":{"@type":"EntryPoint","urlTemplate":"https:\/\/uhlala-events.com\/fr\/?s={search_term_string}"},"query-input":{"@type":"PropertyValueSpecification","valueRequired":true,"valueName":"search_term_string"}}],"inLanguage":"fr-FR"},{"@type":"Organization","@id":"https:\/\/uhlala-events.com\/fr\/#organization","name":"Uhlala Events","url":"https:\/\/uhlala-events.com\/fr\/","logo":{"@type":"ImageObject","inLanguage":"fr-FR","@id":"https:\/\/uhlala-events.com\/fr\/#\/schema\/logo\/image\/","url":"https:\/\/uhlala-events.com\/wp-content\/uploads\/2025\/05\/favicon.png","contentUrl":"https:\/\/uhlala-events.com\/wp-content\/uploads\/2025\/05\/favicon.png","width":512,"height":512,"caption":"Uhlala Events"},"image":{"@id":"https:\/\/uhlala-events.com\/fr\/#\/schema\/logo\/image\/"},"sameAs":["https:\/\/www.instagram.com\/uhlalaweddingsitaly\/"]}]}},"_links":{"self":[{"href":"https:\/\/uhlala-events.com\/fr\/wp-json\/wp\/v2\/pages\/1310","targetHints":{"allow":["GET"]}}],"collection":[{"href":"https:\/\/uhlala-events.com\/fr\/wp-json\/wp\/v2\/pages"}],"about":[{"href":"https:\/\/uhlala-events.com\/fr\/wp-json\/wp\/v2\/types\/page"}],"author":[{"embeddable":true,"href":"https:\/\/uhlala-events.com\/fr\/wp-json\/wp\/v2\/users\/1"}],"replies":[{"embeddable":true,"href":"https:\/\/uhlala-events.com\/fr\/wp-json\/wp\/v2\/comments?post=1310"}],"version-history":[{"count":2,"href":"https:\/\/uhlala-events.com\/fr\/wp-json\/wp\/v2\/pages\/1310\/revisions"}],"predecessor-version":[{"id":1395,"href":"https:\/\/uhlala-events.com\/fr\/wp-json\/wp\/v2\/pages\/1310\/revisions\/1395"}],"up":[{"embeddable":true,"href":"https:\/\/uhlala-events.com\/fr\/wp-json\/wp\/v2\/pages\/1305"}],"wp:attachment":[{"href":"https:\/\/uhlala-events.com\/fr\/wp-json\/wp\/v2\/media?parent=1310"}],"curies":[{"name":"wp","href":"https:\/\/api.w.org\/{rel}","templated":true}]}}